{"id":11582,"date":"2019-01-28T11:59:19","date_gmt":"2019-01-28T10:59:19","guid":{"rendered":"http:\/\/www.pinetoresort.it\/listino-offerte\/"},"modified":"2019-04-29T15:41:17","modified_gmt":"2019-04-29T13:41:17","slug":"listino-offerte","status":"publish","type":"page","link":"https:\/\/www.pinetoresort.it\/de\/listino-offerte\/","title":{"rendered":"Listino prezzi"},"content":{"rendered":"<p>[vc_row][vc_column][vc_custom_heading text=&#8221;Sommerpreisliste 2019&#8243; font_container=&#8221;tag:h2|font_size:40|text_align:center&#8221; google_fonts=&#8221;font_family:Open%20Sans%20Condensed%3A300%2C300italic%2C700|font_style:700%20bold%20regular%3A700%3Anormal&#8221;][vc_column_text]<\/p>\n<table align=\"center\">\n<tbody>\n<tr>\n<td rowspan=\"2\"><\/td>\n<td rowspan=\"2\">Vollpension<\/td>\n<td rowspan=\"2\">1\/2 Vollpension<\/td>\n<td colspan=\"3\">B&amp;B<\/td>\n<\/tr>\n<tr>\n<td>Doppel<\/td>\n<td>Dreifach<\/td>\n<td>Vierfach<\/td>\n<\/tr>\n<tr>\n<td>Von 01\/04 bis 31\/05<\/td>\n<td>\u20ac 40,00<\/td>\n<td>\u20ac 35,00<\/td>\n<td>\u20ac 40,00<\/td>\n<td>\u20ac 70,00<\/td>\n<td>\u20ac 90,00<\/td>\n<\/tr>\n<tr>\n<td>Von 01\/06 bis 14\/06<\/td>\n<td>\u20ac 45,00<\/td>\n<td>\u20ac 40,00<\/td>\n<td>\u20ac 40,00<\/td>\n<td>\u20ac 70,00<\/td>\n<td>\u20ac 90,00<\/td>\n<\/tr>\n<tr>\n<td>Von 15\/06 bis 28\/06<\/td>\n<td>\u20ac 58,00<\/td>\n<td>\u20ac 53,00<\/td>\n<td>\u20ac 65,00<\/td>\n<td>\u20ac 95,00<\/td>\n<td>\u20ac 110,00<\/td>\n<\/tr>\n<tr>\n<td>Von 29\/06 bis 19\/07<\/td>\n<td>\u20ac 65,00<\/td>\n<td>\u20ac 60,00<\/td>\n<td>\u20ac 65,00<\/td>\n<td>\u20ac 95,00<\/td>\n<td>\u20ac 110,00<\/td>\n<\/tr>\n<tr>\n<td>Von 20\/07 bis 02\/08<\/td>\n<td>\u20ac 75,00<\/td>\n<td>\u20ac 70,00<\/td>\n<td>\u20ac 70,00<\/td>\n<td>\u20ac 100,00<\/td>\n<td>\u20ac 115,00<\/td>\n<\/tr>\n<tr>\n<td>Von 03\/08 bis 16\/08<\/td>\n<td>\u20ac 90,00<\/td>\n<td>\u20ac 85,00<\/td>\n<td><\/td>\n<td><\/td>\n<td><\/td>\n<\/tr>\n<tr>\n<td>Von 17\/08 bis 23\/08<\/td>\n<td>\u20ac 80,00<\/td>\n<td>\u20ac 75,00<\/td>\n<td>\u20ac 80,00<\/td>\n<td>\u20ac 110,00<\/td>\n<td>\u20ac 125,00<\/td>\n<\/tr>\n<tr>\n<td>Von 24\/08 bis 30\/08<\/td>\n<td>\u20ac 60,00<\/td>\n<td>\u20ac 55,00<\/td>\n<td>\u20ac 70,00<\/td>\n<td>\u20ac 95,00<\/td>\n<td>\u20ac 110,00<\/td>\n<\/tr>\n<tr>\n<td>Von31\/08 bis 06\/09<\/td>\n<td>\u20ac 55,00<\/td>\n<td>\u20ac 50,00<\/td>\n<td>\u20ac 65,00<\/td>\n<td>\u20ac 95,00<\/td>\n<td>\u20ac 110,00<\/td>\n<\/tr>\n<tr>\n<td>Von 07\/09 bis 30\/09<\/td>\n<td>\u20ac 40,00<\/td>\n<td>\u20ac 35,00<\/td>\n<td>\u20ac 40,00<\/td>\n<td>\u20ac 70,00<\/td>\n<td>\u20ac 90,00<\/td>\n<\/tr>\n<\/tbody>\n<\/table>\n<p>Preise in Vollpension sind pro Person pro Tag<\/p>\n<p>Die w\u00f6chentlichen Aufenthalte sind von Samstag bis Samstag<\/p>\n<p>F\u00fcr Halbpension gilt eine Reduktion auf Raten pro Person in Vollpension<\/p>\n<p>F\u00fcr Familienangebote, Kinder und Fr\u00fchbucher fordern Sie sofort f\u00fcr einen Zitat !!![\/vc_column_text][vc_empty_space][vc_column_text]<\/p>\n<p style=\"text-align: center;\"><a id=\"richiedipreventivo\" style=\"text-decoration: none; background-color: #e1b446; color: #ffffff; padding: 20px 40px; margin-top: 20px;\" href=\"#prenota\">SCH\u00c4TZUNG ANFORDERN<\/a><\/p>\n<p>[\/vc_column_text][vc_empty_space][\/vc_column][\/vc_row][vc_row][vc_column][vc_custom_heading text=&#8221;Offerte Estate 2019&#8243; font_container=&#8221;tag:h2|font_size:40|text_align:center&#8221; google_fonts=&#8221;font_family:Open%20Sans%20Condensed%3A300%2C300italic%2C700|font_style:700%20bold%20regular%3A700%3Anormal&#8221;][vc_basic_grid post_type=&#8221;post&#8221; max_items=&#8221;10&#8243; style=&#8221;load-more&#8221; item=&#8221;basicGrid_ScaleInWithRotation&#8221; grid_id=&#8221;vc_gid:1556545054638-cfdeb174-1d7a-10&#8243; taxonomies=&#8221;41&#8243;][\/vc_column][\/vc_row][vc_row][vc_column][vc_column_text]<p>[vc_row][vc_column][vc_separator][\/vc_column][\/vc_row][vc_row el_id=&#8221;contatti&#8221;][vc_column width=&#8221;2\/3&#8243; el_class=&#8221;aform&#8221;][vc_column_text]<a id=\"prenota\"><\/a>[\/vc_column_text][vc_custom_heading text=&#8221;Richiedi un Preventivo&#8221; font_container=&#8221;tag:h2|font_size:40|text_align:center&#8221; google_fonts=&#8221;font_family:Open%20Sans%20Condensed%3A300%2C300italic%2C700|font_style:700%20bold%20regular%3A700%3Anormal&#8221; css_animation=&#8221;none&#8221;][vc_empty_space height=&#8221;20px&#8221;][vc_single_image image=&#8221;5338&#8243; img_size=&#8221;full&#8221; alignment=&#8221;center&#8221;][vc_column_text]<\/p>\n<div id=\"formcontatto\"><\/div>\n<p>[\/vc_column_text][\/vc_column][vc_column width=&#8221;1\/3&#8243; el_class=&#8221;acontact&#8221;][vc_custom_heading text=&#8221;Contatti&#8221; font_container=&#8221;tag:h3|font_size:40|text_align:center&#8221; google_fonts=&#8221;font_family:Open%20Sans%20Condensed%3A300%2C300italic%2C700|font_style:700%20bold%20regular%3A700%3Anormal&#8221; css_animation=&#8221;none&#8221;][vc_empty_space height=&#8221;20px&#8221;][vc_single_image image=&#8221;5338&#8243; img_size=&#8221;full&#8221; alignment=&#8221;center&#8221;][vc_column_text]<\/p>\n<p style=\"text-align: center;\">Situato nella zona pi\u00f9 tranquilla di Pineto, di recente costruzione,<br \/>\nsorge a 350 metri dal mare con spiaggia privata.<\/p>\n<p>[\/vc_column_text][vc_icon icon_fontawesome=&#8221;fa fa-map-marker&#8221; color=&#8221;orange&#8221; align=&#8221;center&#8221;][vc_column_text]<\/p>\n<p style=\"text-align: center;\">Via Jugoslavia, 15 &#8211; 64025 Pineto<br \/>\nTeramo &#8211; Italy<\/p>\n<p>[\/vc_column_text][vc_icon icon_fontawesome=&#8221;fa fa-map-marker&#8221; color=&#8221;orange&#8221; align=&#8221;center&#8221;][vc_column_text]<\/p>\n<p style=\"text-align: center;\">Tel. <a href=\"tel:+390859491291\">+39 085 94 91 291<\/a><br \/>\nEmail. <a href=\"mailto:info@pinetoresort.com\">info@pinetoresort.com<\/a><\/p>\n<p>[\/vc_column_text][\/vc_column][\/vc_row]<\/p>\n[\/vc_column_text][\/vc_column][\/vc_row]<\/p>\n","protected":false},"excerpt":{"rendered":"<p>[vc_row][vc_column][vc_custom_heading text=&#8221;Sommerpreisliste 2019&#8243; font_container=&#8221;tag:h2|font_size:40|text_align:center&#8221; google_fonts=&#8221;font_family:Open%20Sans%20Condensed%3A300%2C300italic%2C700|font_style:700%20bold%20regular%3A700%3Anormal&#8221;][vc_column_text]<\/p>\n<p>\nVollpension<br \/>\n1\/2 Vollpension<br \/>\nB&amp;B<\/p>\n<p>\nDoppel<br \/>\nDreifach<br \/>\nVierfach<\/p>\n<p>\nVon 01\/04 bis 31\/05<br \/>\n\u20ac 40,00<br \/>\n\u20ac 35,00<br \/>\n\u20ac 40,00<br \/>\n\u20ac 70,00<br \/>\n\u20ac 90,00<\/p>\n<p>\nVon 01\/06 bis 14\/06<br \/>\n\u20ac 45,00<br \/>\n\u20ac 40,00<br \/>\n\u20ac 40,00<br \/>\n\u20ac 70,00<br \/>\n\u20ac 90,00<\/p>\n<p>\nVon 15\/06 bis <\/p>\n","protected":false},"author":1,"featured_media":0,"parent":0,"menu_order":0,"comment_status":"closed","ping_status":"closed","template":"","meta":[],"_links":{"self":[{"href":"https:\/\/www.pinetoresort.it\/de\/wp-json\/wp\/v2\/pages\/11582\/"}],"collection":[{"href":"https:\/\/www.pinetoresort.it\/de\/wp-json\/wp\/v2\/pages\/"}],"about":[{"href":"https:\/\/www.pinetoresort.it\/de\/wp-json\/wp\/v2\/types\/page\/"}],"author":[{"embeddable":true,"href":"https:\/\/www.pinetoresort.it\/de\/wp-json\/wp\/v2\/users\/1\/"}],"replies":[{"embeddable":true,"href":"https:\/\/www.pinetoresort.it\/de\/wp-json\/wp\/v2\/comments\/?post=11582"}],"version-history":[{"count":2,"href":"https:\/\/www.pinetoresort.it\/de\/wp-json\/wp\/v2\/pages\/11582\/revisions\/"}],"predecessor-version":[{"id":11591,"href":"https:\/\/www.pinetoresort.it\/de\/wp-json\/wp\/v2\/pages\/11582\/revisions\/11591\/"}],"wp:attachment":[{"href":"https:\/\/www.pinetoresort.it\/de\/wp-json\/wp\/v2\/media\/?parent=11582"}],"curies":[{"name":"wp","href":"https:\/\/api.w.org\/{rel}","templated":true}]}}