{"id":11658,"date":"2019-01-28T11:33:12","date_gmt":"2019-01-28T10:33:12","guid":{"rendered":"http:\/\/www.pinetoresort.it\/la-struttura\/"},"modified":"2019-04-29T17:41:58","modified_gmt":"2019-04-29T15:41:58","slug":"la-struttura","status":"publish","type":"page","link":"https:\/\/www.pinetoresort.it\/de\/la-struttura\/","title":{"rendered":"Die Struktur"},"content":{"rendered":"<p>[vc_row][vc_column][vc_empty_space height=&#8221;40px&#8221;][\/vc_column][\/vc_row][vc_row][vc_column width=&#8221;1\/2&#8243;][vc_column_text]<\/p>\n<h2>WARUM WERDEN SIE UNSERE STRUKTUR LIEBEN?<\/h2>\n<p><strong>Das Hotel Pineto Resort bietet so viele Dienste\u2026Sie werden nicht mehr weggehen wollen!<\/strong><\/p>\n<p>Es ist in der ruhigsten Zone von<strong> Pineto<\/strong> gelegen und neue gebaut. Es erhebt sich 350 Meter weit weg vom Meer mit privatem Strand.<\/p>\n<p><strong>Es bietet viele Zimmern, mit allen Annehmlichkeiten<\/strong>: Fernseher, Dusche, Balkon, Radio, Telefon, Klimaanlage, Bar, Restaurant, Halle, Aufzug, TV-Raum, Spielzimmer, Spielplatz, private \u00fcberdachter Parkplatz, private Garage, Schwimmbad, Tennisplatz, Bocce Spiel, Fu\u00dfball, Wanderungen mit dem Fahrrad und kleiner Fitnessraum.<\/p>\n<p><strong>Die K\u00fcche ist darauf aufgepasst, mit besonderer Aufmerksamkeit zu den Tellern der typischen Tradition von Abruzzo. Jeden Tag gibt es ein Men\u00fc beim Mittag-und Abendessen und Fr\u00fchst\u00fcck.<\/strong>[\/vc_column_text][\/vc_column][vc_column width=&#8221;1\/2&#8243;][vc_images_carousel images=&#8221;5673,5670,5676,5678&#8243; img_size=&#8221;full&#8221; onclick=&#8221;link_no&#8221; hide_pagination_control=&#8221;yes&#8221; wrap=&#8221;yes&#8221;][\/vc_column][\/vc_row][vc_row full_width=&#8221;stretch_row_content&#8221;][vc_column][vc_empty_space height=&#8221;50px&#8221;][vc_media_grid style=&#8221;load-more&#8221; items_per_page=&#8221;6&#8243; element_width=&#8221;2&#8243; btn_title=&#8221;SCOPRI ALTRE FOTO&#8221; btn_style=&#8221;modern&#8221; btn_shape=&#8221;square&#8221; btn_color=&#8221;orange&#8221; btn_size=&#8221;lg&#8221; grid_id=&#8221;vc_gid:1556551719990-7078058a-f412-5&#8243; include=&#8221;5692,5694,5696,5698,5700,5702&#8243;][vc_empty_space height=&#8221;50px&#8221;][\/vc_column][\/vc_row][vc_row][vc_column width=&#8221;1\/2&#8243;][vc_column_text]<\/p>\n<h2>SCHWIMMBADRAND ABENDE<\/h2>\n<p>Am Abend wird die Atmosph\u00e4re mit tausend Farben gef\u00e4rbt, mit Themenveranstaltungen, Musik, Spiele und Animation; die Gew\u00e4ssers unseres Schwimmbad wird im Spiegel von Sternen verwandelt werden.<br \/>\nSie werden von den D\u00fcften und Aromen der authentischen Produkten unseres Gebiet verzaubern, harmonisch in unseren Tellern komponiert und von leckeren und spritzig Cocktails begleitet.<\/p>\n<p><strong>Animatoren und Entertainer werden Abend- Themenveranstaltungen versch\u00f6nen und Sie in den sch\u00f6nen Freizeitbesch\u00e4ftigungen involvieren.<\/strong>[\/vc_column_text][vc_column_text css=&#8221;.vc_custom_1556552215048{margin-top: 40px !important;}&#8221;]<\/p>\n<p style=\"text-align: center;\"><a id=\"scopripiscina\" style=\"text-decoration: none; background-color: #e1b446; margin-top: 40px; color: #ffffff; padding: 20px 80px;\" href=\"http:\/\/www.pinetoresort.it\/la-piscina\/\">ENTDECKEN SIE DEN POOL<\/a><\/p>\n<p>[\/vc_column_text][\/vc_column][vc_column width=&#8221;1\/2&#8243;][vc_empty_space][vc_images_carousel images=&#8221;5676,5670,5700,5779&#8243; img_size=&#8221;full&#8221; onclick=&#8221;link_no&#8221; hide_pagination_control=&#8221;yes&#8221; wrap=&#8221;yes&#8221;][\/vc_column][\/vc_row][vc_row][vc_column][vc_empty_space][\/vc_column][\/vc_row][vc_row full_width=&#8221;stretch_row_content&#8221;][vc_column width=&#8221;1\/3&#8243; css=&#8221;.vc_custom_1548686812686{padding-top: 100px !important;padding-bottom: 100px !important;background-image: url(http:\/\/www.pinetoresort.it\/wp-content\/uploads\/2019\/01\/TENNIS-1-750&#215;350.jpg?id=6782) !important;background-position: 0 0 !important;background-repeat: no-repeat !important;}&#8221;][vc_custom_heading text=&#8221;TENNIS-GERICHT&#8221; font_container=&#8221;tag:h3|font_size:30|text_align:center|color:%23ffffff&#8221; google_fonts=&#8221;font_family:Open%20Sans%3A300%2C300italic%2Cregular%2Citalic%2C600%2C600italic%2C700%2C700italic%2C800%2C800italic|font_style:600%20bold%20regular%3A600%3Anormal&#8221;][\/vc_column][vc_column width=&#8221;1\/3&#8243; css=&#8221;.vc_custom_1548687193083{padding-top: 100px !important;padding-bottom: 100px !important;background-image: url(http:\/\/www.pinetoresort.it\/wp-content\/uploads\/2019\/01\/campo-da-calcetto.jpg?id=6923) !important;}&#8221;][vc_custom_heading text=&#8221;FUSSBALLFELD&#8221; font_container=&#8221;tag:h3|font_size:30|text_align:center|color:%23ffffff&#8221; google_fonts=&#8221;font_family:Open%20Sans%3A300%2C300italic%2Cregular%2Citalic%2C600%2C600italic%2C700%2C700italic%2C800%2C800italic|font_style:600%20bold%20regular%3A600%3Anormal&#8221;][\/vc_column][vc_column width=&#8221;1\/3&#8243; css=&#8221;.vc_custom_1548687357980{padding-top: 100px !important;padding-bottom: 100px !important;background-image: url(http:\/\/www.pinetoresort.it\/wp-content\/uploads\/2019\/01\/bar-relax-2.jpg?id=6965) !important;}&#8221;][vc_custom_heading text=&#8221;BAR &amp; RELAX&#8221; font_container=&#8221;tag:h3|font_size:30|text_align:center|color:%23ffffff&#8221; google_fonts=&#8221;font_family:Open%20Sans%3A300%2C300italic%2Cregular%2Citalic%2C600%2C600italic%2C700%2C700italic%2C800%2C800italic|font_style:600%20bold%20regular%3A600%3Anormal&#8221;][\/vc_column][\/vc_row][vc_row][vc_column][vc_empty_space][\/vc_column][\/vc_row][vc_row][vc_column width=&#8221;1\/2&#8243;][vc_column_text]<\/p>\n<h2>AKTIVIT\u00c4TEN UND MINICLUB<\/h2>\n<p>F\u00fcr Ihre Kinder viele Einzigartige und Kognitive Aktivit\u00e4ten, mit der Pr\u00e4senz unserer Kompetenten Mitarbeiter.<\/p>\n<p>Unsere Betriebsexperten eigentlich werden sie Sorge haben, um eine Mischung von Momenten des reinen Spiels mit Momenten des reinen Spiellaboratoriums zu schaffen. Kinder werden auf diese Weise Erfahrung des Gebiets haben, bringend mit ihnen, am Ende des Urlaubs, die Spur von was sie erlebten haben. Sie k\u00f6nnen Momente der puren Sorglosigkeit und Momente des Spiel-Entdeckung der Meerespark, seine Tiere und seine Pflanzen, traditionellen M\u00e4rchen, die Tiere des Bauernhofes, die Geschichte der tausendj\u00e4hrig Atri, auf dem H\u00fcgel vor Pineto nur 5 Km weg, verbringen.[\/vc_column_text][\/vc_column][vc_column width=&#8221;1\/2&#8243;][vc_empty_space height=&#8221;40px&#8221;][vc_single_image image=&#8221;7107&#8243; img_size=&#8221;full&#8221;][\/vc_column][\/vc_row][vc_row][vc_column width=&#8221;1\/2&#8243;][vc_empty_space height=&#8221;40px&#8221;][vc_single_image image=&#8221;7121&#8243; img_size=&#8221;full&#8221;][\/vc_column][vc_column width=&#8221;1\/2&#8243;][vc_column_text]<\/p>\n<h2>FUN POUR ADULTES<\/h2>\n<p>Nicht nur Wasser-Spiele aber echte Fitness-Kurse um sich Ihr Wohlbefinden zu k\u00fcmmern. Sie k\u00f6nnen Wasser-Aktivit\u00e4ten in unsere Schwimmbad \u00fcben; erfahrene und qualifizierte Personal werden Sie bei der Ausf\u00fchrung Gymnastik, Schwimmen-und\u00a0<strong>Fitness-Kurse<\/strong>\u00a0helfen. Dank der Anwesenheit vom \u201epineta\u201c und das Mikroklima des Meeresparks von Cerrano, wo wir positioniert sind, Wasser Fitness- Aktivit\u00e4ten intramuskul\u00e4r Mobilit\u00e4t f\u00f6rdern und Atmung verbessern.<\/p>\n<p>Das Schwimmbad ist auch der richtige Kontext f\u00fcr Wasser-Spiele, Spa\u00df und Bewegung unter der Fachaufsicht unserer Bademeister.[\/vc_column_text][\/vc_column][\/vc_row][vc_row][vc_column][vc_empty_space height=&#8221;50px&#8221;][\/vc_column][\/vc_row][vc_row full_width=&#8221;stretch_row_content&#8221; css=&#8221;.vc_custom_1551454509801{margin-bottom: 40px !important;background-image: url(http:\/\/www.pinetoresort.it\/wp-content\/uploads\/2019\/01\/COX-1002-1.jpg?id=5783) !important;background-position: center !important;background-repeat: no-repeat !important;background-size: cover !important;}&#8221;][vc_column css=&#8221;.vc_custom_1551454468311{padding-top: 200px !important;padding-bottom: 350px !important;background-position: 0 0 !important;background-repeat: no-repeat !important;}&#8221;][vc_column_text]<\/p>\n<p style=\"font-size: 25px; color: #ffffff; text-align: center; font-family: Open Sans; font-weight: bold;\">Ihr Strandurlaub in den Abruzzen<\/p>\n<p style=\"font-size: 55px; color: #ffffff; text-align: center; line-height: 60px; font-family: Open Sans; font-weight: bold;\">F\u00fcr die ganze Familie<\/p>\n<p>[\/vc_column_text][vc_column_text css=&#8221;.vc_custom_1556552406721{margin-top: 80px !important;}&#8221;]<\/p>\n<p style=\"text-align: center;\"><a style=\"text-decoration: none; background-color: #e1b446; margin-top: 40px; color: #ffffff; padding: 20px 40px;\" href=\"#prenota\">JETZT BUCHEN<\/a><\/p>\n<p>[\/vc_column_text][\/vc_column][\/vc_row][vc_row][vc_column][vc_empty_space height=&#8221;50px&#8221;][vc_column_text]<p>[vc_row][vc_column][vc_separator][\/vc_column][\/vc_row][vc_row][vc_column width=&#8221;1\/2&#8243; el_class=&#8221;aform&#8221;][vc_column_text]<a id=\"prenota\"><\/a>[\/vc_column_text][vc_custom_heading text=&#8221;Angebot Anfordern&#8221; font_container=&#8221;tag:h2|font_size:40|text_align:center&#8221; google_fonts=&#8221;font_family:Open%20Sans%20Condensed%3A300%2C300italic%2C700|font_style:700%20bold%20regular%3A700%3Anormal&#8221; css_animation=&#8221;none&#8221;][vc_empty_space height=&#8221;20px&#8221;][vc_single_image image=&#8221;5338&#8243; img_size=&#8221;full&#8221; alignment=&#8221;center&#8221;][vc_column_text]<\/p>\n<div id=\"htmform\"><\/div>\n<p>[\/vc_column_text][\/vc_column][vc_column width=&#8221;1\/2&#8243; el_class=&#8221;acontact&#8221;][vc_custom_heading text=&#8221;Kontakt&#8221; font_container=&#8221;tag:h3|font_size:40|text_align:center&#8221; google_fonts=&#8221;font_family:Open%20Sans%20Condensed%3A300%2C300italic%2C700|font_style:700%20bold%20regular%3A700%3Anormal&#8221; css_animation=&#8221;none&#8221;][vc_empty_space height=&#8221;20px&#8221;][vc_single_image image=&#8221;5338&#8243; img_size=&#8221;full&#8221; alignment=&#8221;center&#8221;][vc_column_text]<\/p>\n<p style=\"text-align: center;\">Das Hotel liegt im ruhigeren Viertel von Pineto, vor kurzem erbaut,<br \/>\nnur 350 Meter vom Meer entfernt und verf\u00fcgt \u00fcber einen eigenen Strand.<\/p>\n<p>[\/vc_column_text][vc_icon icon_fontawesome=&#8221;fa fa-map-marker&#8221; color=&#8221;orange&#8221; align=&#8221;center&#8221;][vc_column_text]<\/p>\n<p style=\"text-align: center;\">Via Jugoslavia, 15 &#8211; 64025 Pineto<br \/>\nTeramo &#8211; Italy<\/p>\n<p>[\/vc_column_text][vc_icon icon_fontawesome=&#8221;fa fa-map-marker&#8221; color=&#8221;orange&#8221; align=&#8221;center&#8221;][vc_column_text]<\/p>\n<p style=\"text-align: center;\">Tel. <a href=\"tel:+390859491291\">+39 085 94 91 291<\/a><br \/>\nEmail. <a href=\"mailto:info@pinetoresort.com\">info@pinetoresort.com<\/a><\/p>\n<p>[\/vc_column_text][\/vc_column][\/vc_row]<\/p>\n[\/vc_column_text][\/vc_column][\/vc_row]<\/p>\n","protected":false},"excerpt":{"rendered":"<p>[vc_row][vc_column][vc_empty_space height=&#8221;40px&#8221;][\/vc_column][\/vc_row][vc_row][vc_column width=&#8221;1\/2&#8243;][vc_column_text]<br \/>\nWARUM WERDEN SIE UNSERE STRUKTUR LIEBEN?<br \/>\nDas Hotel Pineto Resort bietet so viele Dienste\u2026Sie werden nicht mehr weggehen wollen!<br \/>\nEs ist in der ruhigsten Zone von Pineto gelegen und neue gebaut. Es erhebt sich 350 Meter weit weg vom Meer mit privatem Strand.<br \/>\nEs bietet viele Zimmern, mit allen Annehmlichkeiten: Fernseher, Dusche, <\/p>\n","protected":false},"author":1,"featured_media":0,"parent":0,"menu_order":0,"comment_status":"closed","ping_status":"closed","template":"","meta":[],"_links":{"self":[{"href":"https:\/\/www.pinetoresort.it\/de\/wp-json\/wp\/v2\/pages\/11658\/"}],"collection":[{"href":"https:\/\/www.pinetoresort.it\/de\/wp-json\/wp\/v2\/pages\/"}],"about":[{"href":"https:\/\/www.pinetoresort.it\/de\/wp-json\/wp\/v2\/types\/page\/"}],"author":[{"embeddable":true,"href":"https:\/\/www.pinetoresort.it\/de\/wp-json\/wp\/v2\/users\/1\/"}],"replies":[{"embeddable":true,"href":"https:\/\/www.pinetoresort.it\/de\/wp-json\/wp\/v2\/comments\/?post=11658"}],"version-history":[{"count":3,"href":"https:\/\/www.pinetoresort.it\/de\/wp-json\/wp\/v2\/pages\/11658\/revisions\/"}],"predecessor-version":[{"id":11737,"href":"https:\/\/www.pinetoresort.it\/de\/wp-json\/wp\/v2\/pages\/11658\/revisions\/11737\/"}],"wp:attachment":[{"href":"https:\/\/www.pinetoresort.it\/de\/wp-json\/wp\/v2\/media\/?parent=11658"}],"curies":[{"name":"wp","href":"https:\/\/api.w.org\/{rel}","templated":true}]}}