{"id":11779,"date":"2019-01-29T17:06:52","date_gmt":"2019-01-29T16:06:52","guid":{"rendered":"http:\/\/www.pinetoresort.it\/camera\/"},"modified":"2019-04-29T18:07:28","modified_gmt":"2019-04-29T16:07:28","slug":"camera","status":"publish","type":"page","link":"https:\/\/www.pinetoresort.it\/de\/camera\/","title":{"rendered":"Zimmer"},"content":{"rendered":"<p>[vc_row][vc_column][vc_empty_space height=&#8221;40px&#8221;][\/vc_column][\/vc_row][vc_row][vc_column][vc_images_carousel images=&#8221;8692,8696,8698,8690&#8243; img_size=&#8221;full&#8221; onclick=&#8221;link_no&#8221; autoplay=&#8221;yes&#8221; hide_pagination_control=&#8221;yes&#8221; wrap=&#8221;yes&#8221;][vc_empty_space height=&#8221;10px&#8221;][\/vc_column][\/vc_row][vc_row css=&#8221;.vc_custom_1548838505077{background-color: #e1b446 !important;}&#8221;][vc_column width=&#8221;1\/2&#8243; css=&#8221;.vc_custom_1548838512184{background-color: #ffffff !important;}&#8221;][vc_custom_heading text=&#8221;Ger\u00e4umig und Gem\u00fctlich : Entdecken Sie unsere Zimmer!&#8221; font_container=&#8221;tag:h2|font_size:30|text_align:left|color:%235a5a5a&#8221; google_fonts=&#8221;font_family:Open%20Sans%3A300%2C300italic%2Cregular%2Citalic%2C600%2C600italic%2C700%2C700italic%2C800%2C800italic|font_style:600%20bold%20regular%3A600%3Anormal&#8221;][vc_column_text]<strong>Pineto Village Resort<\/strong>, ein einfaches und elegantes Hotel 3 Sterne in Pineto. Es verf\u00fcgt viele Zimmer mit modernen Annehmlichkeiten ausgestattet.<\/p>\n<p>Die Zimmer sind in verschiedene Typen unterteilt: Doppelzimmer und Zimmer f\u00fcr gr\u00f6\u00dfere Familien. Sie k\u00f6nnen auch, auf Wunsch, Kinderbetten und Betten f\u00fcr die Kleinen hinzuf\u00fcgen.<\/p>\n<p>In allen Zimmern sind die folgenden Dienste vorhanden: Fernseher, eigenes Badezimmer mit Dusche und W\u00e4scherei, Balkon mit Blick auf den Garten, Telefon und Klimaanlage.<\/p>\n<p>Unsere Mitarbeiter behandeln im Detail die Sauberkeit und Ordnung im ganzen Hotel: Die G\u00e4stezufriedenheit ist unser erste Ziel!<\/p>\n<p>Besuchen Sie uns, w\u00e4hlen Sie Ihre Art von Aufenthalt und erleben Sie mit Ihrer Familie den Komfort und die Eleganz unserer 3-Sterne-Hotel in Pineto![\/vc_column_text][\/vc_column][vc_column width=&#8221;1\/2&#8243;][vc_row_inner][vc_column_inner][vc_custom_heading text=&#8221;Servizi Inclusi&#8221; font_container=&#8221;tag:h3|font_size:35|text_align:center|color:%23ffffff&#8221; google_fonts=&#8221;font_family:Open%20Sans%20Condensed%3A300%2C300italic%2C700|font_style:700%20bold%20regular%3A700%3Anormal&#8221;][vc_empty_space][\/vc_column_inner][\/vc_row_inner][vc_row_inner][vc_column_inner width=&#8221;1\/2&#8243;][vc_icon icon_fontawesome=&#8221;fa fa-wifi&#8221; color=&#8221;white&#8221; align=&#8221;center&#8221; css=&#8221;.vc_custom_1548779203179{margin-bottom: 0px !important;padding-bottom: 0px !important;}&#8221;][vc_column_text]<\/p>\n<p style=\"text-align: center;\"><strong><span style=\"color: #ffffff;\">WI-FI<\/span><\/strong><\/p>\n<p>[\/vc_column_text][vc_icon icon_fontawesome=&#8221;fa fa-television&#8221; color=&#8221;white&#8221; align=&#8221;center&#8221; css=&#8221;.vc_custom_1548779605667{margin-bottom: 0px !important;padding-bottom: 0px !important;}&#8221;][vc_column_text]<\/p>\n<p style=\"text-align: center;\"><strong><span style=\"color: #ffffff;\">TV<\/span><\/strong><\/p>\n<p>[\/vc_column_text][vc_icon icon_fontawesome=&#8221;fa fa-coffee&#8221; color=&#8221;white&#8221; align=&#8221;center&#8221; css=&#8221;.vc_custom_1548779775132{margin-bottom: 0px !important;padding-bottom: 0px !important;}&#8221;][vc_column_text]<\/p>\n<p style=\"text-align: center;\"><strong><span style=\"color: #ffffff;\">ZIMMER SERVICE<\/span><\/strong><\/p>\n<p>[\/vc_column_text][vc_icon icon_fontawesome=&#8221;fa fa-phone&#8221; color=&#8221;white&#8221; align=&#8221;center&#8221; css=&#8221;.vc_custom_1548780179246{margin-bottom: 0px !important;padding-bottom: 0px !important;}&#8221;][vc_column_text]<\/p>\n<p style=\"text-align: center;\"><strong><span style=\"color: #ffffff;\">TELEFON<\/span><\/strong><\/p>\n<p>[\/vc_column_text][\/vc_column_inner][vc_column_inner width=&#8221;1\/2&#8243;][vc_icon color=&#8221;white&#8221; align=&#8221;center&#8221; css=&#8221;.vc_custom_1548779695038{margin-bottom: 0px !important;padding-bottom: 0px !important;}&#8221;][vc_column_text]<\/p>\n<p style=\"text-align: center;\"><strong><span style=\"color: #ffffff;\">KLIMAANLAGE<\/span><\/strong><\/p>\n<p>[\/vc_column_text][vc_icon icon_fontawesome=&#8221;fa fa-car&#8221; color=&#8221;white&#8221; align=&#8221;center&#8221; css=&#8221;.vc_custom_1548779724063{margin-bottom: 0px !important;padding-bottom: 0px !important;}&#8221;][vc_column_text]<\/p>\n<p style=\"text-align: center;\"><strong><span style=\"color: #ffffff;\">PARKING<\/span><\/strong><\/p>\n<p>[\/vc_column_text][vc_icon icon_fontawesome=&#8221;fa fa-sun-o&#8221; color=&#8221;white&#8221; align=&#8221;center&#8221; css=&#8221;.vc_custom_1548779824054{margin-bottom: 0px !important;padding-bottom: 0px !important;}&#8221;][vc_column_text]<\/p>\n<p style=\"text-align: center;\"><strong><span style=\"color: #ffffff;\">BALKON<\/span><\/strong><\/p>\n<p>[\/vc_column_text][vc_icon icon_fontawesome=&#8221;fa fa-shower&#8221; color=&#8221;white&#8221; align=&#8221;center&#8221; css=&#8221;.vc_custom_1548780207760{margin-bottom: 0px !important;padding-bottom: 0px !important;}&#8221;][vc_column_text]<\/p>\n<p style=\"text-align: center;\"><strong><span style=\"color: #ffffff;\">BADEZIMMER IM ZIMMER<\/span><\/strong><\/p>\n<p>[\/vc_column_text][\/vc_column_inner][\/vc_row_inner][\/vc_column][\/vc_row][vc_row][vc_column][vc_empty_space][vc_media_grid style=&#8221;load-more&#8221; items_per_page=&#8221;6&#8243; element_width=&#8221;2&#8243; btn_title=&#8221;Scopri di pi\u00f9&#8221; btn_style=&#8221;modern&#8221; btn_shape=&#8221;square&#8221; btn_color=&#8221;orange&#8221; btn_size=&#8221;lg&#8221; grid_id=&#8221;vc_gid:1556553847783-d35c1325-cae4-10&#8243; include=&#8221;4585,8696,8690,8692,8694,4492,5670,4315,5676,4988&#8243;][\/vc_column][\/vc_row][vc_row][vc_column][vc_column_text]<p>[vc_row][vc_column][vc_separator][\/vc_column][\/vc_row][vc_row][vc_column width=&#8221;1\/2&#8243; el_class=&#8221;aform&#8221;][vc_column_text]<a id=\"prenota\"><\/a>[\/vc_column_text][vc_custom_heading text=&#8221;Angebot Anfordern&#8221; font_container=&#8221;tag:h2|font_size:40|text_align:center&#8221; google_fonts=&#8221;font_family:Open%20Sans%20Condensed%3A300%2C300italic%2C700|font_style:700%20bold%20regular%3A700%3Anormal&#8221; css_animation=&#8221;none&#8221;][vc_empty_space height=&#8221;20px&#8221;][vc_single_image image=&#8221;5338&#8243; img_size=&#8221;full&#8221; alignment=&#8221;center&#8221;][vc_column_text]<\/p>\n<div id=\"htmform\"><\/div>\n<p>[\/vc_column_text][\/vc_column][vc_column width=&#8221;1\/2&#8243; el_class=&#8221;acontact&#8221;][vc_custom_heading text=&#8221;Kontakt&#8221; font_container=&#8221;tag:h3|font_size:40|text_align:center&#8221; google_fonts=&#8221;font_family:Open%20Sans%20Condensed%3A300%2C300italic%2C700|font_style:700%20bold%20regular%3A700%3Anormal&#8221; css_animation=&#8221;none&#8221;][vc_empty_space height=&#8221;20px&#8221;][vc_single_image image=&#8221;5338&#8243; img_size=&#8221;full&#8221; alignment=&#8221;center&#8221;][vc_column_text]<\/p>\n<p style=\"text-align: center;\">Das Hotel liegt im ruhigeren Viertel von Pineto, vor kurzem erbaut,<br \/>\nnur 350 Meter vom Meer entfernt und verf\u00fcgt \u00fcber einen eigenen Strand.<\/p>\n<p>[\/vc_column_text][vc_icon icon_fontawesome=&#8221;fa fa-map-marker&#8221; color=&#8221;orange&#8221; align=&#8221;center&#8221;][vc_column_text]<\/p>\n<p style=\"text-align: center;\">Via Jugoslavia, 15 &#8211; 64025 Pineto<br \/>\nTeramo &#8211; Italy<\/p>\n<p>[\/vc_column_text][vc_icon icon_fontawesome=&#8221;fa fa-map-marker&#8221; color=&#8221;orange&#8221; align=&#8221;center&#8221;][vc_column_text]<\/p>\n<p style=\"text-align: center;\">Tel. <a href=\"tel:+390859491291\">+39 085 94 91 291<\/a><br \/>\nEmail. <a href=\"mailto:info@pinetoresort.com\">info@pinetoresort.com<\/a><\/p>\n<p>[\/vc_column_text][\/vc_column][\/vc_row]<\/p>\n[\/vc_column_text][\/vc_column][\/vc_row]<\/p>\n","protected":false},"excerpt":{"rendered":"<p>[vc_row][vc_column][vc_empty_space height=&#8221;40px&#8221;][\/vc_column][\/vc_row][vc_row][vc_column][vc_images_carousel images=&#8221;8692,8696,8698,8690&#8243; img_size=&#8221;full&#8221; onclick=&#8221;link_no&#8221; autoplay=&#8221;yes&#8221; hide_pagination_control=&#8221;yes&#8221; wrap=&#8221;yes&#8221;][vc_empty_space height=&#8221;10px&#8221;][\/vc_column][\/vc_row][vc_row css=&#8221;.vc_custom_1548838505077{background-color: #e1b446 !important;}&#8221;][vc_column width=&#8221;1\/2&#8243; css=&#8221;.vc_custom_1548838512184{background-color: #ffffff !important;}&#8221;][vc_custom_heading text=&#8221;Ger\u00e4umig und Gem\u00fctlich : Entdecken Sie unsere Zimmer!&#8221; font_container=&#8221;tag:h2|font_size:30|text_align:left|color:%235a5a5a&#8221; google_fonts=&#8221;font_family:Open%20Sans%3A300%2C300italic%2Cregular%2Citalic%2C600%2C600italic%2C700%2C700italic%2C800%2C800italic|font_style:600%20bold%20regular%3A600%3Anormal&#8221;][vc_column_text]Pineto Village Resort, ein einfaches und elegantes Hotel 3 Sterne in Pineto. Es verf\u00fcgt viele Zimmer mit modernen Annehmlichkeiten ausgestattet.<br \/>\nDie Zimmer sind in verschiedene Typen unterteilt: Doppelzimmer und Zimmer <\/p>\n","protected":false},"author":1,"featured_media":0,"parent":0,"menu_order":0,"comment_status":"closed","ping_status":"closed","template":"","meta":[],"_links":{"self":[{"href":"https:\/\/www.pinetoresort.it\/de\/wp-json\/wp\/v2\/pages\/11779\/"}],"collection":[{"href":"https:\/\/www.pinetoresort.it\/de\/wp-json\/wp\/v2\/pages\/"}],"about":[{"href":"https:\/\/www.pinetoresort.it\/de\/wp-json\/wp\/v2\/types\/page\/"}],"author":[{"embeddable":true,"href":"https:\/\/www.pinetoresort.it\/de\/wp-json\/wp\/v2\/users\/1\/"}],"replies":[{"embeddable":true,"href":"https:\/\/www.pinetoresort.it\/de\/wp-json\/wp\/v2\/comments\/?post=11779"}],"version-history":[{"count":2,"href":"https:\/\/www.pinetoresort.it\/de\/wp-json\/wp\/v2\/pages\/11779\/revisions\/"}],"predecessor-version":[{"id":11795,"href":"https:\/\/www.pinetoresort.it\/de\/wp-json\/wp\/v2\/pages\/11779\/revisions\/11795\/"}],"wp:attachment":[{"href":"https:\/\/www.pinetoresort.it\/de\/wp-json\/wp\/v2\/media\/?parent=11779"}],"curies":[{"name":"wp","href":"https:\/\/api.w.org\/{rel}","templated":true}]}}