{"id":11804,"date":"2019-01-24T16:01:20","date_gmt":"2019-01-24T15:01:20","guid":{"rendered":"http:\/\/www.pinetoresort.it\/ristorante\/"},"modified":"2019-04-30T12:50:11","modified_gmt":"2019-04-30T10:50:11","slug":"ristorante","status":"publish","type":"page","link":"https:\/\/www.pinetoresort.it\/de\/ristorante\/","title":{"rendered":"Restaurant"},"content":{"rendered":"<p>[vc_row][vc_column][vc_empty_space height=&#8221;40px&#8221;][\/vc_column][\/vc_row][vc_row][vc_column width=&#8221;1\/2&#8243;][vc_column_text]<\/p>\n<h2><strong>AM TISCH MIT TRADITION<\/strong><\/h2>\n<p>Unter unseren Spezialit\u00e4ten verdienen einen Ehrenplatz Wurstwaren wie Salami, Fleischw\u00fcrste in \u00d6l und in Schmalz, \u201eventricina\u201c ausbreitet auf selbst gemacht Brot, Schinken, Arrosticini ( Fleischspie\u00dfe vom Lamm). Die einheimische kulinarische Tradition bietet von das Gebiet ist noch intakt: Timballo, chitarra, scrippelle mbusse, mazzarelle, tacchino alla canzanese, \u2018ndocca \u2018ndocca und Fischspezialit\u00e4ten wie Muscheln, Typisch von die Torre del Cerrano.<\/p>\n<p><strong>Es gibt eine gro\u00dfe Vielfalt von S\u00fc\u00dfigkeiten wie sfogliatelle, caggionetti, panducale und feinen Wein aus H\u00fcgel von Teramo.<\/strong>[\/vc_column_text][\/vc_column][vc_column width=&#8221;1\/2&#8243;][vc_images_carousel images=&#8221;4986,4988,4991,4993&#8243; img_size=&#8221;500&#215;400&#8243; onclick=&#8221;link_no&#8221; hide_pagination_control=&#8221;yes&#8221; wrap=&#8221;yes&#8221;][\/vc_column][\/vc_row][vc_row full_width=&#8221;stretch_row_content&#8221;][vc_column][vc_empty_space][vc_media_grid element_width=&#8221;2&#8243; grid_id=&#8221;vc_gid:1556611068178-f358b13f-ff65-9&#8243; include=&#8221;5047,5008,5005,4988,4991,5049&#8243;][\/vc_column][\/vc_row][vc_row css=&#8221;.vc_custom_1551097086094{margin-bottom: 50px !important;}&#8221;][vc_column css=&#8221;.vc_custom_1551096379989{background-position: 0 0 !important;background-repeat: no-repeat !important;}&#8221;][vc_empty_space height=&#8221;12px&#8221;][vc_column_text]<\/p>\n<blockquote>\n<p style=\"text-align: center; color: #e1b446; font-size: 28px;\"><em>Wir sind eine Autorenk\u00fcche, in der unsere Hausfrauen den ganzen Reichtum unseres Territoriums in Verbindung mit Tradition und Experimentieren ausdr\u00fccken.<\/em><\/p>\n<\/blockquote>\n<p>[\/vc_column_text][\/vc_column][\/vc_row][vc_row full_width=&#8221;stretch_row_content&#8221; css=&#8221;.vc_custom_1551454816151{margin-bottom: 40px !important;background-image: url(http:\/\/www.pinetoresort.it\/wp-content\/uploads\/2019\/01\/COX-0912.jpg?id=5705) !important;background-position: center !important;background-repeat: no-repeat !important;background-size: cover !important;}&#8221;][vc_column css=&#8221;.vc_custom_1551454844138{padding-top: 200px !important;padding-bottom: 250px !important;background-position: 0 0 !important;background-repeat: no-repeat !important;}&#8221;][vc_column_text]<\/p>\n<p style=\"font-size: 25px; color: #ffffff; text-align: center; font-family: Open Sans; font-weight: bold;\">Ihr Strandurlaub in den Abruzzen<\/p>\n<p style=\"font-size: 55px; color: #ffffff; text-align: center; line-height: 60px; font-family: Open Sans; font-weight: bold;\">F\u00fcr die ganze Familie<\/p>\n<p>[\/vc_column_text][vc_column_text css=&#8221;.vc_custom_1556611101777{margin-top: 80px !important;}&#8221;]<\/p>\n<p style=\"text-align: center;\"><a style=\"text-decoration: none; background-color: #e1b446; margin-top: 40px; color: #ffffff; padding: 20px 40px;\" href=\"#prenota\">JETZT BUCHEN<\/a><\/p>\n<p>[\/vc_column_text][\/vc_column][\/vc_row][vc_row][vc_column][vc_column_text]<p>[vc_row][vc_column][vc_separator][\/vc_column][\/vc_row][vc_row][vc_column width=&#8221;1\/2&#8243; el_class=&#8221;aform&#8221;][vc_column_text]<a id=\"prenota\"><\/a>[\/vc_column_text][vc_custom_heading text=&#8221;Angebot Anfordern&#8221; font_container=&#8221;tag:h2|font_size:40|text_align:center&#8221; google_fonts=&#8221;font_family:Open%20Sans%20Condensed%3A300%2C300italic%2C700|font_style:700%20bold%20regular%3A700%3Anormal&#8221; css_animation=&#8221;none&#8221;][vc_empty_space height=&#8221;20px&#8221;][vc_single_image image=&#8221;5338&#8243; img_size=&#8221;full&#8221; alignment=&#8221;center&#8221;][vc_column_text]<\/p>\n<div id=\"htmform\"><\/div>\n<p>[\/vc_column_text][\/vc_column][vc_column width=&#8221;1\/2&#8243; el_class=&#8221;acontact&#8221;][vc_custom_heading text=&#8221;Kontakt&#8221; font_container=&#8221;tag:h3|font_size:40|text_align:center&#8221; google_fonts=&#8221;font_family:Open%20Sans%20Condensed%3A300%2C300italic%2C700|font_style:700%20bold%20regular%3A700%3Anormal&#8221; css_animation=&#8221;none&#8221;][vc_empty_space height=&#8221;20px&#8221;][vc_single_image image=&#8221;5338&#8243; img_size=&#8221;full&#8221; alignment=&#8221;center&#8221;][vc_column_text]<\/p>\n<p style=\"text-align: center;\">Das Hotel liegt im ruhigeren Viertel von Pineto, vor kurzem erbaut,<br \/>\nnur 350 Meter vom Meer entfernt und verf\u00fcgt \u00fcber einen eigenen Strand.<\/p>\n<p>[\/vc_column_text][vc_icon icon_fontawesome=&#8221;fa fa-map-marker&#8221; color=&#8221;orange&#8221; align=&#8221;center&#8221;][vc_column_text]<\/p>\n<p style=\"text-align: center;\">Via Jugoslavia, 15 &#8211; 64025 Pineto<br \/>\nTeramo &#8211; Italy<\/p>\n<p>[\/vc_column_text][vc_icon icon_fontawesome=&#8221;fa fa-map-marker&#8221; color=&#8221;orange&#8221; align=&#8221;center&#8221;][vc_column_text]<\/p>\n<p style=\"text-align: center;\">Tel. <a href=\"tel:+390859491291\">+39 085 94 91 291<\/a><br \/>\nEmail. <a href=\"mailto:info@pinetoresort.com\">info@pinetoresort.com<\/a><\/p>\n<p>[\/vc_column_text][\/vc_column][\/vc_row]<\/p>\n[\/vc_column_text][\/vc_column][\/vc_row]<\/p>\n","protected":false},"excerpt":{"rendered":"<p>[vc_row][vc_column][vc_empty_space height=&#8221;40px&#8221;][\/vc_column][\/vc_row][vc_row][vc_column width=&#8221;1\/2&#8243;][vc_column_text]<br \/>\nAM TISCH MIT TRADITION<br \/>\nUnter unseren Spezialit\u00e4ten verdienen einen Ehrenplatz Wurstwaren wie Salami, Fleischw\u00fcrste in \u00d6l und in Schmalz, \u201eventricina\u201c ausbreitet auf selbst gemacht Brot, Schinken, Arrosticini ( Fleischspie\u00dfe vom Lamm). Die einheimische kulinarische Tradition bietet von das Gebiet ist noch intakt: Timballo, chitarra, scrippelle mbusse, mazzarelle, tacchino alla canzanese, \u2018ndocca \u2018ndocca <\/p>\n","protected":false},"author":1,"featured_media":0,"parent":0,"menu_order":0,"comment_status":"closed","ping_status":"closed","template":"","meta":[],"_links":{"self":[{"href":"https:\/\/www.pinetoresort.it\/de\/wp-json\/wp\/v2\/pages\/11804\/"}],"collection":[{"href":"https:\/\/www.pinetoresort.it\/de\/wp-json\/wp\/v2\/pages\/"}],"about":[{"href":"https:\/\/www.pinetoresort.it\/de\/wp-json\/wp\/v2\/types\/page\/"}],"author":[{"embeddable":true,"href":"https:\/\/www.pinetoresort.it\/de\/wp-json\/wp\/v2\/users\/1\/"}],"replies":[{"embeddable":true,"href":"https:\/\/www.pinetoresort.it\/de\/wp-json\/wp\/v2\/comments\/?post=11804"}],"version-history":[{"count":2,"href":"https:\/\/www.pinetoresort.it\/de\/wp-json\/wp\/v2\/pages\/11804\/revisions\/"}],"predecessor-version":[{"id":11841,"href":"https:\/\/www.pinetoresort.it\/de\/wp-json\/wp\/v2\/pages\/11804\/revisions\/11841\/"}],"wp:attachment":[{"href":"https:\/\/www.pinetoresort.it\/de\/wp-json\/wp\/v2\/media\/?parent=11804"}],"curies":[{"name":"wp","href":"https:\/\/api.w.org\/{rel}","templated":true}]}}