{"id":11858,"date":"2019-01-28T11:40:30","date_gmt":"2019-01-28T10:40:30","guid":{"rendered":"http:\/\/www.pinetoresort.it\/la-piscina\/"},"modified":"2019-04-30T12:55:25","modified_gmt":"2019-04-30T10:55:25","slug":"la-piscina","status":"publish","type":"page","link":"https:\/\/www.pinetoresort.it\/de\/la-piscina\/","title":{"rendered":"Schwimmbad"},"content":{"rendered":"<p>[vc_row][vc_column][vc_empty_space height=&#8221;40px&#8221;][\/vc_column][\/vc_row][vc_row][vc_column width=&#8221;1\/2&#8243;][vc_column_text]<\/p>\n<h2>PR\u00c4CHTIGES SCHWIMMBAD<\/h2>\n<p>Am Tag wird es Wasserspielen und Fitness unterbringen, und Sie k\u00f6nnen bequem Schwimmen und Sonnenbaden am Schwimmbadrand; am Abend transformiert es in eine einzigartige Freiluft B\u00fchne und wird tausend schillernden Farben f\u00e4rben.<\/p>\n<p>Die semi-olympionische Schwimmbad hat eine L\u00e4nge von 20 m und es ist mit niedrigen Trampolin und zwei externe Duschen zur Verf\u00fcgung gestellt. Die gegen\u00fcberliegende Zone hat ein Solarium mit Liegest\u00fchlen und Sonnenschirmen.<\/p>\n<p>Tennispl\u00e4tze, Boule, Fu\u00dfball, Radausfl\u00fcge und ein kleines Fitnessstudio.<\/p>\n<p>Die K\u00fcche wird mit traditionellen Abruzzese-Gerichten gepflegt. T\u00e4glich Wahlmen\u00fc zum Mittag-, Abendessen und Fr\u00fchst\u00fcck.[\/vc_column_text][\/vc_column][vc_column width=&#8221;1\/2&#8243;][vc_images_carousel images=&#8221;5670,5676,5748,5750&#8243; img_size=&#8221;full&#8221; onclick=&#8221;link_no&#8221; hide_pagination_control=&#8221;yes&#8221; wrap=&#8221;yes&#8221;][\/vc_column][\/vc_row][vc_row full_width=&#8221;stretch_row_content&#8221;][vc_column][vc_empty_space][vc_media_grid element_width=&#8221;2&#8243; grid_id=&#8221;vc_gid:1556613995636-80391049-94cd-4&#8243; include=&#8221;5766,5783,5768,5776,5772,5774&#8243;][\/vc_column][\/vc_row][vc_row css=&#8221;.vc_custom_1551102488500{margin-bottom: 60px !important;}&#8221;][vc_column][vc_empty_space height=&#8221;50px&#8221;][vc_column_text]<\/p>\n<blockquote>\n<p style=\"text-align: center; color: #e1b446; font-size: 28px;\"><em>Ein Fitnessstudio in unserem Hotel wird die Bed\u00fcrfnisse von Sportlern befriedigen, die ihre Fitness nicht aufgeben m\u00f6chten.<\/em><\/p>\n<\/blockquote>\n<p>[\/vc_column_text][\/vc_column][\/vc_row][vc_row full_width=&#8221;stretch_row_content&#8221; css=&#8221;.vc_custom_1551454916011{margin-bottom: 40px !important;background-image: url(http:\/\/www.pinetoresort.it\/wp-content\/uploads\/2019\/01\/family-HOTEL-1.jpg?id=7246) !important;background-position: center !important;background-repeat: no-repeat !important;background-size: cover !important;}&#8221;][vc_column css=&#8221;.vc_custom_1551454468311{padding-top: 200px !important;padding-bottom: 350px !important;background-position: 0 0 !important;background-repeat: no-repeat !important;}&#8221;][vc_column_text]<\/p>\n<p style=\"font-size: 25px; color: #ffffff; text-align: center; font-family: Open Sans; font-weight: bold;\">Ihr Strandurlaub in den Abruzzen<\/p>\n<p style=\"font-size: 55px; color: #ffffff; text-align: center; line-height: 60px; font-family: Open Sans; font-weight: bold;\">F\u00fcr die ganze Familie<\/p>\n<p>[\/vc_column_text][vc_column_text css=&#8221;.vc_custom_1556614012059{margin-top: 80px !important;}&#8221;]<\/p>\n<p style=\"text-align: center;\"><a style=\"text-decoration: none; background-color: #e1b446; margin-top: 40px; color: #ffffff; padding: 20px 40px;\" href=\"#prenota\">JETZT BUCHEN<\/a><\/p>\n<p>[\/vc_column_text][\/vc_column][\/vc_row][vc_row][vc_column][vc_column_text]<p>[vc_row][vc_column][vc_separator][\/vc_column][\/vc_row][vc_row][vc_column width=&#8221;1\/2&#8243; el_class=&#8221;aform&#8221;][vc_column_text]<a id=\"prenota\"><\/a>[\/vc_column_text][vc_custom_heading text=&#8221;Angebot Anfordern&#8221; font_container=&#8221;tag:h2|font_size:40|text_align:center&#8221; google_fonts=&#8221;font_family:Open%20Sans%20Condensed%3A300%2C300italic%2C700|font_style:700%20bold%20regular%3A700%3Anormal&#8221; css_animation=&#8221;none&#8221;][vc_empty_space height=&#8221;20px&#8221;][vc_single_image image=&#8221;5338&#8243; img_size=&#8221;full&#8221; alignment=&#8221;center&#8221;][vc_column_text]<\/p>\n<div id=\"htmform\"><\/div>\n<p>[\/vc_column_text][\/vc_column][vc_column width=&#8221;1\/2&#8243; el_class=&#8221;acontact&#8221;][vc_custom_heading text=&#8221;Kontakt&#8221; font_container=&#8221;tag:h3|font_size:40|text_align:center&#8221; google_fonts=&#8221;font_family:Open%20Sans%20Condensed%3A300%2C300italic%2C700|font_style:700%20bold%20regular%3A700%3Anormal&#8221; css_animation=&#8221;none&#8221;][vc_empty_space height=&#8221;20px&#8221;][vc_single_image image=&#8221;5338&#8243; img_size=&#8221;full&#8221; alignment=&#8221;center&#8221;][vc_column_text]<\/p>\n<p style=\"text-align: center;\">Das Hotel liegt im ruhigeren Viertel von Pineto, vor kurzem erbaut,<br \/>\nnur 350 Meter vom Meer entfernt und verf\u00fcgt \u00fcber einen eigenen Strand.<\/p>\n<p>[\/vc_column_text][vc_icon icon_fontawesome=&#8221;fa fa-map-marker&#8221; color=&#8221;orange&#8221; align=&#8221;center&#8221;][vc_column_text]<\/p>\n<p style=\"text-align: center;\">Via Jugoslavia, 15 &#8211; 64025 Pineto<br \/>\nTeramo &#8211; Italy<\/p>\n<p>[\/vc_column_text][vc_icon icon_fontawesome=&#8221;fa fa-map-marker&#8221; color=&#8221;orange&#8221; align=&#8221;center&#8221;][vc_column_text]<\/p>\n<p style=\"text-align: center;\">Tel. <a href=\"tel:+390859491291\">+39 085 94 91 291<\/a><br \/>\nEmail. <a href=\"mailto:info@pinetoresort.com\">info@pinetoresort.com<\/a><\/p>\n<p>[\/vc_column_text][\/vc_column][\/vc_row]<\/p>\n[\/vc_column_text][\/vc_column][\/vc_row]<\/p>\n","protected":false},"excerpt":{"rendered":"<p>[vc_row][vc_column][vc_empty_space height=&#8221;40px&#8221;][\/vc_column][\/vc_row][vc_row][vc_column width=&#8221;1\/2&#8243;][vc_column_text]<br \/>\nPR\u00c4CHTIGES SCHWIMMBAD<br \/>\nAm Tag wird es Wasserspielen und Fitness unterbringen, und Sie k\u00f6nnen bequem Schwimmen und Sonnenbaden am Schwimmbadrand; am Abend transformiert es in eine einzigartige Freiluft B\u00fchne und wird tausend schillernden Farben f\u00e4rben.<br \/>\nDie semi-olympionische Schwimmbad hat eine L\u00e4nge von 20 m und es ist mit niedrigen Trampolin und zwei externe <\/p>\n","protected":false},"author":1,"featured_media":0,"parent":0,"menu_order":0,"comment_status":"closed","ping_status":"closed","template":"","meta":[],"_links":{"self":[{"href":"https:\/\/www.pinetoresort.it\/de\/wp-json\/wp\/v2\/pages\/11858\/"}],"collection":[{"href":"https:\/\/www.pinetoresort.it\/de\/wp-json\/wp\/v2\/pages\/"}],"about":[{"href":"https:\/\/www.pinetoresort.it\/de\/wp-json\/wp\/v2\/types\/page\/"}],"author":[{"embeddable":true,"href":"https:\/\/www.pinetoresort.it\/de\/wp-json\/wp\/v2\/users\/1\/"}],"replies":[{"embeddable":true,"href":"https:\/\/www.pinetoresort.it\/de\/wp-json\/wp\/v2\/comments\/?post=11858"}],"version-history":[{"count":3,"href":"https:\/\/www.pinetoresort.it\/de\/wp-json\/wp\/v2\/pages\/11858\/revisions\/"}],"predecessor-version":[{"id":11867,"href":"https:\/\/www.pinetoresort.it\/de\/wp-json\/wp\/v2\/pages\/11858\/revisions\/11867\/"}],"wp:attachment":[{"href":"https:\/\/www.pinetoresort.it\/de\/wp-json\/wp\/v2\/media\/?parent=11858"}],"curies":[{"name":"wp","href":"https:\/\/api.w.org\/{rel}","templated":true}]}}