{"id":11925,"date":"2019-01-29T16:19:56","date_gmt":"2019-01-29T15:19:56","guid":{"rendered":"http:\/\/www.pinetoresort.it\/pineto-la-perla-delladriatico\/"},"modified":"2019-04-30T11:04:52","modified_gmt":"2019-04-30T09:04:52","slug":"pineto-la-perla-delladriatico","status":"publish","type":"page","link":"https:\/\/www.pinetoresort.it\/de\/pineto-la-perla-delladriatico\/","title":{"rendered":"Pineto"},"content":{"rendered":"<p>[vc_row][vc_column][vc_empty_space height=&#8221;40px&#8221;][\/vc_column][\/vc_row][vc_row][vc_column width=&#8221;1\/2&#8243;][vc_column_text]<\/p>\n<h2>UMGEBEN VON GR\u00dcNEM UND GOLDENEM STRAND<\/h2>\n<p><strong>Wundersch\u00f6ne Stadt an der Adria, Pineto ist eine bezaubernde Stadt aus der Landschaft Sicht<\/strong>. Pineto bietet seinen Besuchern ein blaues und kristallklares Meer und hat, hinter, gr\u00fcnen H\u00fcgel, von dem Sie ein wirklich atemberaubendes Panorama genie\u00dfen k\u00f6nnen.<\/p>\n<p><strong>Pineto in Jahren ist immer ein beliebtes Touristenziel gewesen: Hier alle Arten von G\u00e4sten kann seine optimale Gro\u00dfe finden.<\/strong><\/p>\n<p>Lange Spazierg\u00e4nge am Strand, Km von Radweg, wo kann man Aktivit\u00e4ten in v\u00f6lliger Sicherheit im Freien tun, ein Naturschutzgebiet, und dann Clubs bis sp\u00e4t ge\u00f6ffnet, viele Gesch\u00e4fte zum Einkaufen und eine Auswahl an Musikveranstaltungen: das Ideale Reiseziel f\u00fcr einen unvergesslichen Urlaub. W\u00e4hlen Sie Pineto und aufhalten Sie sich in <strong>Pineto Resort<\/strong>![\/vc_column_text][\/vc_column][vc_column width=&#8221;1\/2&#8243;][vc_images_carousel images=&#8221;7687,7681,7683,7685&#8243; img_size=&#8221;500&#215;400&#8243; onclick=&#8221;link_no&#8221; hide_pagination_control=&#8221;yes&#8221; wrap=&#8221;yes&#8221;][\/vc_column][\/vc_row][vc_row css=&#8221;.vc_custom_1551103512597{margin-bottom: 30px !important;}&#8221;][vc_column][vc_empty_space height=&#8221;40px&#8221;][vc_media_grid element_width=&#8221;2&#8243; grid_id=&#8221;vc_gid:1556615021323-7b1695a0-f414-10&#8243; include=&#8221;7707,7709,7687,7685,7683,7681,7714,8931,5694,4504,4531,4988&#8243;][\/vc_column][\/vc_row][vc_row][vc_column][vc_column_text]<p>[vc_row][vc_column][vc_separator][\/vc_column][\/vc_row][vc_row][vc_column width=&#8221;1\/2&#8243; el_class=&#8221;aform&#8221;][vc_column_text]<a id=\"prenota\"><\/a>[\/vc_column_text][vc_custom_heading text=&#8221;Angebot Anfordern&#8221; font_container=&#8221;tag:h2|font_size:40|text_align:center&#8221; google_fonts=&#8221;font_family:Open%20Sans%20Condensed%3A300%2C300italic%2C700|font_style:700%20bold%20regular%3A700%3Anormal&#8221; css_animation=&#8221;none&#8221;][vc_empty_space height=&#8221;20px&#8221;][vc_single_image image=&#8221;5338&#8243; img_size=&#8221;full&#8221; alignment=&#8221;center&#8221;][vc_column_text]<\/p>\n<div id=\"htmform\"><\/div>\n<p>[\/vc_column_text][\/vc_column][vc_column width=&#8221;1\/2&#8243; el_class=&#8221;acontact&#8221;][vc_custom_heading text=&#8221;Kontakt&#8221; font_container=&#8221;tag:h3|font_size:40|text_align:center&#8221; google_fonts=&#8221;font_family:Open%20Sans%20Condensed%3A300%2C300italic%2C700|font_style:700%20bold%20regular%3A700%3Anormal&#8221; css_animation=&#8221;none&#8221;][vc_empty_space height=&#8221;20px&#8221;][vc_single_image image=&#8221;5338&#8243; img_size=&#8221;full&#8221; alignment=&#8221;center&#8221;][vc_column_text]<\/p>\n<p style=\"text-align: center;\">Das Hotel liegt im ruhigeren Viertel von Pineto, vor kurzem erbaut,<br \/>\nnur 350 Meter vom Meer entfernt und verf\u00fcgt \u00fcber einen eigenen Strand.<\/p>\n<p>[\/vc_column_text][vc_icon icon_fontawesome=&#8221;fa fa-map-marker&#8221; color=&#8221;orange&#8221; align=&#8221;center&#8221;][vc_column_text]<\/p>\n<p style=\"text-align: center;\">Via Jugoslavia, 15 &#8211; 64025 Pineto<br \/>\nTeramo &#8211; Italy<\/p>\n<p>[\/vc_column_text][vc_icon icon_fontawesome=&#8221;fa fa-map-marker&#8221; color=&#8221;orange&#8221; align=&#8221;center&#8221;][vc_column_text]<\/p>\n<p style=\"text-align: center;\">Tel. <a href=\"tel:+390859491291\">+39 085 94 91 291<\/a><br \/>\nEmail. <a href=\"mailto:info@pinetoresort.com\">info@pinetoresort.com<\/a><\/p>\n<p>[\/vc_column_text][\/vc_column][\/vc_row]<\/p>\n[\/vc_column_text][\/vc_column][\/vc_row]<\/p>\n","protected":false},"excerpt":{"rendered":"<p>[vc_row][vc_column][vc_empty_space height=&#8221;40px&#8221;][\/vc_column][\/vc_row][vc_row][vc_column width=&#8221;1\/2&#8243;][vc_column_text]<br \/>\nUMGEBEN VON GR\u00dcNEM UND GOLDENEM STRAND<br \/>\nWundersch\u00f6ne Stadt an der Adria, Pineto ist eine bezaubernde Stadt aus der Landschaft Sicht. Pineto bietet seinen Besuchern ein blaues und kristallklares Meer und hat, hinter, gr\u00fcnen H\u00fcgel, von dem Sie ein wirklich atemberaubendes Panorama genie\u00dfen k\u00f6nnen.<br \/>\nPineto in Jahren ist immer ein beliebtes Touristenziel gewesen: <\/p>\n","protected":false},"author":1,"featured_media":0,"parent":0,"menu_order":0,"comment_status":"closed","ping_status":"closed","template":"","meta":[],"_links":{"self":[{"href":"https:\/\/www.pinetoresort.it\/de\/wp-json\/wp\/v2\/pages\/11925\/"}],"collection":[{"href":"https:\/\/www.pinetoresort.it\/de\/wp-json\/wp\/v2\/pages\/"}],"about":[{"href":"https:\/\/www.pinetoresort.it\/de\/wp-json\/wp\/v2\/types\/page\/"}],"author":[{"embeddable":true,"href":"https:\/\/www.pinetoresort.it\/de\/wp-json\/wp\/v2\/users\/1\/"}],"replies":[{"embeddable":true,"href":"https:\/\/www.pinetoresort.it\/de\/wp-json\/wp\/v2\/comments\/?post=11925"}],"version-history":[{"count":1,"href":"https:\/\/www.pinetoresort.it\/de\/wp-json\/wp\/v2\/pages\/11925\/revisions\/"}],"predecessor-version":[{"id":11939,"href":"https:\/\/www.pinetoresort.it\/de\/wp-json\/wp\/v2\/pages\/11925\/revisions\/11939\/"}],"wp:attachment":[{"href":"https:\/\/www.pinetoresort.it\/de\/wp-json\/wp\/v2\/media\/?parent=11925"}],"curies":[{"name":"wp","href":"https:\/\/api.w.org\/{rel}","templated":true}]}}