{"id":11960,"date":"2019-01-29T16:24:08","date_gmt":"2019-01-29T15:24:08","guid":{"rendered":"http:\/\/www.pinetoresort.it\/cultura-e-religione\/"},"modified":"2019-04-30T11:11:35","modified_gmt":"2019-04-30T09:11:35","slug":"cultura-e-religione","status":"publish","type":"page","link":"https:\/\/www.pinetoresort.it\/de\/cultura-e-religione\/","title":{"rendered":"Kultur und Religion"},"content":{"rendered":"<p>[vc_row][vc_column][vc_empty_space height=&#8221;40px&#8221;][\/vc_column][\/vc_row][vc_row][vc_column width=&#8221;1\/2&#8243;][vc_column_text]<\/p>\n<h3><strong>Atri<\/strong><\/h3>\n<p>Unser Hotel findet sich nur 10 Minuten von einem der reichsten Stadt f\u00fcr Geschichte und Kultur im S\u00fcden: Atri. Es ist \u00e4lter als Rom und hat seinen Namen an die Adria gegeben. Es war der Geburtsort des Kaisers Hadrian und es bewahrt in Kirchen die Spuren der Passage von allen gro\u00dfen religi\u00f6sen Orden.<\/p>\n<p>Atri ist die K\u00f6nigin der H\u00fcgel von Teramo. Die\u00a0<strong>Basilika-Kathedrale\u00a0<\/strong>(1305), die die einzige Heilige T\u00fcr nach Rom hat, steht auf r\u00f6mischen B\u00e4der und bewahrt das gr\u00f6\u00dfte Werk des Malers Andrea De Litio. Der Palazzo degli Acquaviva ist heute kommunal Amt. Unter die Museen , die Stadt bewahrt die Museo Capitolare, die\u00a0<strong>Museo archeologico<\/strong>, die\u00a0<strong>Civico Museo Didattico degli Strumenti Musicali Medievali e Rinascimentali<\/strong>\u00a0und die\u00a0<strong>Monastero di clausura di Santa Chiara<\/strong>\u00a0seit 750 Jahren.[\/vc_column_text][\/vc_column][vc_column width=&#8221;1\/2&#8243;][vc_empty_space height=&#8221;50px&#8221;][vc_images_carousel images=&#8221;7845,7841,7847&#8243; img_size=&#8221;full&#8221; onclick=&#8221;link_no&#8221; hide_pagination_control=&#8221;yes&#8221; wrap=&#8221;yes&#8221;][\/vc_column][\/vc_row][vc_row][vc_column][vc_empty_space][vc_media_grid style=&#8221;load-more&#8221; items_per_page=&#8221;4&#8243; element_width=&#8221;3&#8243; btn_title=&#8221;Scopri di pi\u00f9&#8221; btn_color=&#8221;orange&#8221; grid_id=&#8221;vc_gid:1556615441235-04d6b032-7619-3&#8243; include=&#8221;7845,7841,7847,7838,7831,7834,7836,7843&#8243;][\/vc_column][\/vc_row][vc_row][vc_column width=&#8221;1\/2&#8243;][vc_column_text]<\/p>\n<h3><strong>San Gabriele<\/strong><\/h3>\n<p>Ca. 50 Km weg liegt der Schrein von St. Gabriele, der Heilige der Jugend, auf den ganzen Welt bekannt und jedes Jahr von Tausenden von Pilgern besucht. Es befindet sich am Fu\u00dfe des Gran Sasso d\u2019Italia.[\/vc_column_text][\/vc_column][vc_column width=&#8221;1\/2&#8243;][vc_empty_space height=&#8221;30px&#8221;][vc_single_image image=&#8221;7790&#8243; img_size=&#8221;full&#8221; alignment=&#8221;center&#8221;][\/vc_column][\/vc_row][vc_row][vc_column][vc_empty_space][\/vc_column][\/vc_row][vc_row][vc_column width=&#8221;1\/2&#8243;][vc_single_image image=&#8221;7802&#8243; img_size=&#8221;full&#8221; alignment=&#8221;center&#8221;][\/vc_column][vc_column width=&#8221;1\/2&#8243;][vc_empty_space height=&#8221;90px&#8221;][vc_column_text]<\/p>\n<h3><strong>Scala Santa di Campli<\/strong><\/h3>\n<p>40 km weg von Pineto steht die Stadt Campli, die war Dorf von gro\u00dfer Traditionen. Von diese hervorragend Vergangenheit, lagern es heute herrliche Beispiele. Eine ist die Scala Santa, die ist in der Lage, alle S\u00fcnden wegzunehmen, die Nachsicht geben und auferstehen als makellos.<\/p>\n<p>Es ist eine kleine und diskrete Wunder der katholischen Gottesdienst.[\/vc_column_text][\/vc_column][\/vc_row][vc_row][vc_column][vc_empty_space height=&#8221;20px&#8221;][\/vc_column][\/vc_row][vc_row][vc_column][vc_column_text]<p>[vc_row][vc_column][vc_separator][\/vc_column][\/vc_row][vc_row][vc_column width=&#8221;1\/2&#8243; el_class=&#8221;aform&#8221;][vc_column_text]<a id=\"prenota\"><\/a>[\/vc_column_text][vc_custom_heading text=&#8221;Angebot Anfordern&#8221; font_container=&#8221;tag:h2|font_size:40|text_align:center&#8221; google_fonts=&#8221;font_family:Open%20Sans%20Condensed%3A300%2C300italic%2C700|font_style:700%20bold%20regular%3A700%3Anormal&#8221; css_animation=&#8221;none&#8221;][vc_empty_space height=&#8221;20px&#8221;][vc_single_image image=&#8221;5338&#8243; img_size=&#8221;full&#8221; alignment=&#8221;center&#8221;][vc_column_text]<\/p>\n<div id=\"htmform\"><\/div>\n<p>[\/vc_column_text][\/vc_column][vc_column width=&#8221;1\/2&#8243; el_class=&#8221;acontact&#8221;][vc_custom_heading text=&#8221;Kontakt&#8221; font_container=&#8221;tag:h3|font_size:40|text_align:center&#8221; google_fonts=&#8221;font_family:Open%20Sans%20Condensed%3A300%2C300italic%2C700|font_style:700%20bold%20regular%3A700%3Anormal&#8221; css_animation=&#8221;none&#8221;][vc_empty_space height=&#8221;20px&#8221;][vc_single_image image=&#8221;5338&#8243; img_size=&#8221;full&#8221; alignment=&#8221;center&#8221;][vc_column_text]<\/p>\n<p style=\"text-align: center;\">Das Hotel liegt im ruhigeren Viertel von Pineto, vor kurzem erbaut,<br \/>\nnur 350 Meter vom Meer entfernt und verf\u00fcgt \u00fcber einen eigenen Strand.<\/p>\n<p>[\/vc_column_text][vc_icon icon_fontawesome=&#8221;fa fa-map-marker&#8221; color=&#8221;orange&#8221; align=&#8221;center&#8221;][vc_column_text]<\/p>\n<p style=\"text-align: center;\">Via Jugoslavia, 15 &#8211; 64025 Pineto<br \/>\nTeramo &#8211; Italy<\/p>\n<p>[\/vc_column_text][vc_icon icon_fontawesome=&#8221;fa fa-map-marker&#8221; color=&#8221;orange&#8221; align=&#8221;center&#8221;][vc_column_text]<\/p>\n<p style=\"text-align: center;\">Tel. <a href=\"tel:+390859491291\">+39 085 94 91 291<\/a><br \/>\nEmail. <a href=\"mailto:info@pinetoresort.com\">info@pinetoresort.com<\/a><\/p>\n<p>[\/vc_column_text][\/vc_column][\/vc_row]<\/p>\n[\/vc_column_text][\/vc_column][\/vc_row]<\/p>\n","protected":false},"excerpt":{"rendered":"<p>[vc_row][vc_column][vc_empty_space height=&#8221;40px&#8221;][\/vc_column][\/vc_row][vc_row][vc_column width=&#8221;1\/2&#8243;][vc_column_text]<br \/>\nAtri<br \/>\nUnser Hotel findet sich nur 10 Minuten von einem der reichsten Stadt f\u00fcr Geschichte und Kultur im S\u00fcden: Atri. Es ist \u00e4lter als Rom und hat seinen Namen an die Adria gegeben. Es war der Geburtsort des Kaisers Hadrian und es bewahrt in Kirchen die Spuren der Passage von allen gro\u00dfen <\/p>\n","protected":false},"author":1,"featured_media":0,"parent":0,"menu_order":0,"comment_status":"closed","ping_status":"closed","template":"","meta":[],"_links":{"self":[{"href":"https:\/\/www.pinetoresort.it\/de\/wp-json\/wp\/v2\/pages\/11960\/"}],"collection":[{"href":"https:\/\/www.pinetoresort.it\/de\/wp-json\/wp\/v2\/pages\/"}],"about":[{"href":"https:\/\/www.pinetoresort.it\/de\/wp-json\/wp\/v2\/types\/page\/"}],"author":[{"embeddable":true,"href":"https:\/\/www.pinetoresort.it\/de\/wp-json\/wp\/v2\/users\/1\/"}],"replies":[{"embeddable":true,"href":"https:\/\/www.pinetoresort.it\/de\/wp-json\/wp\/v2\/comments\/?post=11960"}],"version-history":[{"count":1,"href":"https:\/\/www.pinetoresort.it\/de\/wp-json\/wp\/v2\/pages\/11960\/revisions\/"}],"predecessor-version":[{"id":11967,"href":"https:\/\/www.pinetoresort.it\/de\/wp-json\/wp\/v2\/pages\/11960\/revisions\/11967\/"}],"wp:attachment":[{"href":"https:\/\/www.pinetoresort.it\/de\/wp-json\/wp\/v2\/media\/?parent=11960"}],"curies":[{"name":"wp","href":"https:\/\/api.w.org\/{rel}","templated":true}]}}