{"id":11581,"date":"2019-01-28T11:59:19","date_gmt":"2019-01-28T10:59:19","guid":{"rendered":"http:\/\/www.pinetoresort.it\/listino-offerte\/"},"modified":"2019-04-30T12:32:46","modified_gmt":"2019-04-30T10:32:46","slug":"listino-offerte","status":"publish","type":"page","link":"https:\/\/www.pinetoresort.it\/fr\/listino-offerte\/","title":{"rendered":"Tarif"},"content":{"rendered":"<p>[vc_row][vc_column][vc_custom_heading text=&#8221;Tarif 2019&#8243; font_container=&#8221;tag:h2|font_size:40|text_align:center&#8221; google_fonts=&#8221;font_family:Open%20Sans%20Condensed%3A300%2C300italic%2C700|font_style:700%20bold%20regular%3A700%3Anormal&#8221;][vc_column_text]<\/p>\n<table align=\"center\">\n<tbody>\n<tr>\n<td rowspan=\"2\">P\u00e9riode<\/td>\n<td rowspan=\"2\">Pension compl\u00e8te<\/td>\n<td rowspan=\"2\">1\/2 Pension<\/td>\n<td colspan=\"3\">B&amp;B<\/td>\n<\/tr>\n<tr>\n<td>Double<\/td>\n<td>Triple<\/td>\n<td>Quadruple<\/td>\n<\/tr>\n<tr>\n<td>De 01\/04 \u00e0\u00a031\/05<\/td>\n<td>\u20ac 40,00<\/td>\n<td>\u20ac 35,00<\/td>\n<td>\u20ac 40,00<\/td>\n<td>\u20ac 70,00<\/td>\n<td>\u20ac 90,00<\/td>\n<\/tr>\n<tr>\n<td>De 01\/06 \u00e0\u00a014\/06<\/td>\n<td>\u20ac 45,00<\/td>\n<td>\u20ac 40,00<\/td>\n<td>\u20ac 40,00<\/td>\n<td>\u20ac 70,00<\/td>\n<td>\u20ac 90,00<\/td>\n<\/tr>\n<tr>\n<td>De 15\/06 \u00e0\u00a028\/06<\/td>\n<td>\u20ac 58,00<\/td>\n<td>\u20ac 53,00<\/td>\n<td>\u20ac 65,00<\/td>\n<td>\u20ac 95,00<\/td>\n<td>\u20ac 110,00<\/td>\n<\/tr>\n<tr>\n<td>De 29\/06 \u00e0\u00a019\/07<\/td>\n<td>\u20ac 65,00<\/td>\n<td>\u20ac 60,00<\/td>\n<td>\u20ac 65,00<\/td>\n<td>\u20ac 95,00<\/td>\n<td>\u20ac 110,00<\/td>\n<\/tr>\n<tr>\n<td>De 20\/07 \u00e0\u00a002\/08<\/td>\n<td>\u20ac 75,00<\/td>\n<td>\u20ac 70,00<\/td>\n<td>\u20ac 70,00<\/td>\n<td>\u20ac 100,00<\/td>\n<td>\u20ac 115,00<\/td>\n<\/tr>\n<tr>\n<td>De 03\/08 \u00e0\u00a016\/08<\/td>\n<td>\u20ac 90,00<\/td>\n<td>\u20ac 85,00<\/td>\n<td><\/td>\n<td><\/td>\n<td><\/td>\n<\/tr>\n<tr>\n<td>De 17\/08 \u00e0\u00a023\/08<\/td>\n<td>\u20ac 80,00<\/td>\n<td>\u20ac 75,00<\/td>\n<td>\u20ac 80,00<\/td>\n<td>\u20ac 110,00<\/td>\n<td>\u20ac 125,00<\/td>\n<\/tr>\n<tr>\n<td>De 24\/08 \u00e0\u00a030\/08<\/td>\n<td>\u20ac 60,00<\/td>\n<td>\u20ac 55,00<\/td>\n<td>\u20ac 70,00<\/td>\n<td>\u20ac 95,00<\/td>\n<td>\u20ac 110,00<\/td>\n<\/tr>\n<tr>\n<td>De 31\/08 \u00e0\u00a006\/09<\/td>\n<td>\u20ac 55,00<\/td>\n<td>\u20ac 50,00<\/td>\n<td>\u20ac 65,00<\/td>\n<td>\u20ac 95,00<\/td>\n<td>\u20ac 110,00<\/td>\n<\/tr>\n<tr>\n<td>De 07\/09 \u00e0\u00a0l 30\/09<\/td>\n<td>\u20ac 40,00<\/td>\n<td>\u20ac 35,00<\/td>\n<td>\u20ac 40,00<\/td>\n<td>\u20ac 70,00<\/td>\n<td>\u20ac 90,00<\/td>\n<\/tr>\n<\/tbody>\n<\/table>\n<p>S\u00e9jours hebdomadaires vont du samedi au samedi<\/p>\n<p>Les tarifs de la pension compl\u00e8te comprennent le service de plage priv\u00e9e et l\u2019acc\u00e8s \u00e0 la piscine<\/p>\n<p>Une r\u00e9duction sera appliqu\u00e9e sur les tarifs demi-pension.[\/vc_column_text][vc_empty_space][vc_column_text]<\/p>\n<p style=\"text-align: center;\"><a id=\"richiedipreventivo\" style=\"text-decoration: none; background-color: #e1b446; color: #ffffff; padding: 20px 40px; margin-top: 20px;\" href=\"#prenota\">Demander un Devis<\/a><\/p>\n<p>[\/vc_column_text][vc_empty_space][\/vc_column][\/vc_row][vc_row][vc_column][vc_custom_heading text=&#8221;Offres d&#8217;\u00e9t\u00e9 2019&#8243; font_container=&#8221;tag:h2|font_size:40|text_align:center&#8221; google_fonts=&#8221;font_family:Open%20Sans%20Condensed%3A300%2C300italic%2C700|font_style:700%20bold%20regular%3A700%3Anormal&#8221;][vc_basic_grid post_type=&#8221;post&#8221; max_items=&#8221;10&#8243; style=&#8221;load-more&#8221; item=&#8221;basicGrid_ScaleInWithRotation&#8221; grid_id=&#8221;vc_gid:1556620275368-cfbb8358-c5cc-9&#8243; taxonomies=&#8221;41&#8243;][\/vc_column][\/vc_row][vc_row][vc_column][vc_column_text]<p>[vc_row][vc_column][vc_separator][\/vc_column][\/vc_row][vc_row][vc_column width=&#8221;1\/2&#8243; el_class=&#8221;aform&#8221;][vc_column_text]<a id=\"prenota\"><\/a>[\/vc_column_text][vc_custom_heading text=&#8221;Demander un Devis&#8221; font_container=&#8221;tag:h2|font_size:40|text_align:center&#8221; google_fonts=&#8221;font_family:Open%20Sans%20Condensed%3A300%2C300italic%2C700|font_style:700%20bold%20regular%3A700%3Anormal&#8221; css_animation=&#8221;none&#8221;][vc_empty_space height=&#8221;20px&#8221;][vc_single_image image=&#8221;5338&#8243; img_size=&#8221;full&#8221; alignment=&#8221;center&#8221;][vc_column_text]<\/p>\n<div id=\"htmform\"><\/div>\n<p>[\/vc_column_text][\/vc_column][vc_column width=&#8221;1\/2&#8243; el_class=&#8221;acontact&#8221;][vc_custom_heading text=&#8221;Contacts&#8221; font_container=&#8221;tag:h3|font_size:40|text_align:center&#8221; google_fonts=&#8221;font_family:Open%20Sans%20Condensed%3A300%2C300italic%2C700|font_style:700%20bold%20regular%3A700%3Anormal&#8221; css_animation=&#8221;none&#8221;][vc_empty_space height=&#8221;20px&#8221;][vc_single_image image=&#8221;5338&#8243; img_size=&#8221;full&#8221; alignment=&#8221;center&#8221;][vc_column_text]<\/p>\n<p style=\"text-align: center;\">Situ\u00e9 dans le quartier calme de Pineto, r\u00e9cemment construit,<br \/>\nil se trouve \u00e0 350 m\u00e8tres de la mer et d&#8217;une plage priv\u00e9e.<\/p>\n<p>[\/vc_column_text][vc_icon icon_fontawesome=&#8221;fa fa-map-marker&#8221; color=&#8221;orange&#8221; align=&#8221;center&#8221;][vc_column_text]<\/p>\n<p style=\"text-align: center;\">Via Jugoslavia, 15 &#8211; 64025 Pineto<br \/>\nTeramo &#8211; Italy<\/p>\n<p>[\/vc_column_text][vc_icon icon_fontawesome=&#8221;fa fa-map-marker&#8221; color=&#8221;orange&#8221; align=&#8221;center&#8221;][vc_column_text]<\/p>\n<p style=\"text-align: center;\">Tel. <a href=\"tel:+390859491291\">+39 085 94 91 291<\/a><br \/>\nEmail. <a href=\"mailto:info@pinetoresort.com\">info@pinetoresort.com<\/a><\/p>\n<p>[\/vc_column_text][\/vc_column][\/vc_row]<\/p>\n[\/vc_column_text][\/vc_column][\/vc_row]<\/p>\n","protected":false},"excerpt":{"rendered":"<p>[vc_row][vc_column][vc_custom_heading text=&#8221;Tarif 2019&#8243; font_container=&#8221;tag:h2|font_size:40|text_align:center&#8221; google_fonts=&#8221;font_family:Open%20Sans%20Condensed%3A300%2C300italic%2C700|font_style:700%20bold%20regular%3A700%3Anormal&#8221;][vc_column_text]<\/p>\n<p>P\u00e9riode<br \/>\nPension compl\u00e8te<br \/>\n1\/2 Pension<br \/>\nB&amp;B<\/p>\n<p>\nDouble<br \/>\nTriple<br \/>\nQuadruple<\/p>\n<p>\nDe 01\/04 \u00e0\u00a031\/05<br \/>\n\u20ac 40,00<br \/>\n\u20ac 35,00<br \/>\n\u20ac 40,00<br \/>\n\u20ac 70,00<br \/>\n\u20ac 90,00<\/p>\n<p>\nDe 01\/06 \u00e0\u00a014\/06<br \/>\n\u20ac 45,00<br \/>\n\u20ac 40,00<br \/>\n\u20ac 40,00<br \/>\n\u20ac 70,00<br \/>\n\u20ac 90,00<\/p>\n<p>\nDe 15\/06 \u00e0\u00a028\/06<br \/>\n\u20ac <\/p>\n","protected":false},"author":1,"featured_media":0,"parent":0,"menu_order":0,"comment_status":"closed","ping_status":"closed","template":"","meta":[],"_links":{"self":[{"href":"https:\/\/www.pinetoresort.it\/fr\/wp-json\/wp\/v2\/pages\/11581\/"}],"collection":[{"href":"https:\/\/www.pinetoresort.it\/fr\/wp-json\/wp\/v2\/pages\/"}],"about":[{"href":"https:\/\/www.pinetoresort.it\/fr\/wp-json\/wp\/v2\/types\/page\/"}],"author":[{"embeddable":true,"href":"https:\/\/www.pinetoresort.it\/fr\/wp-json\/wp\/v2\/users\/1\/"}],"replies":[{"embeddable":true,"href":"https:\/\/www.pinetoresort.it\/fr\/wp-json\/wp\/v2\/comments\/?post=11581"}],"version-history":[{"count":3,"href":"https:\/\/www.pinetoresort.it\/fr\/wp-json\/wp\/v2\/pages\/11581\/revisions\/"}],"predecessor-version":[{"id":12022,"href":"https:\/\/www.pinetoresort.it\/fr\/wp-json\/wp\/v2\/pages\/11581\/revisions\/12022\/"}],"wp:attachment":[{"href":"https:\/\/www.pinetoresort.it\/fr\/wp-json\/wp\/v2\/media\/?parent=11581"}],"curies":[{"name":"wp","href":"https:\/\/api.w.org\/{rel}","templated":true}]}}