{"id":11656,"date":"2019-01-28T11:33:12","date_gmt":"2019-01-28T10:33:12","guid":{"rendered":"http:\/\/www.pinetoresort.it\/la-struttura\/"},"modified":"2019-04-30T12:27:28","modified_gmt":"2019-04-30T10:27:28","slug":"la-struttura","status":"publish","type":"page","link":"https:\/\/www.pinetoresort.it\/fr\/la-struttura\/","title":{"rendered":"Structure"},"content":{"rendered":"<p>[vc_row][vc_column][vc_empty_space height=&#8221;40px&#8221;][\/vc_column][\/vc_row][vc_row][vc_column width=&#8221;1\/2&#8243;][vc_column_text]<\/p>\n<h2>POURQUOI AIMEREZ-VOUS NOTRE STRUCTURE ?<\/h2>\n<h3>L\u2019H\u00f4tel Pineto Resort offre beaucoup de services\u2026 vous ne voudrez plus jamais partir !<\/h3>\n<p>Situ\u00e9 dans le quartier le plus tranquille de <strong>Pineto<\/strong>, il est de construction r\u00e9cente et il est situ\u00e9 \u00e0 350 m\u00e8tres de la mer avec une plage priv\u00e9e.<\/p>\n<p><strong>L\u2019h\u00f4tel propose de nombreuses chambres, avec tout le confort<\/strong> : t\u00e9l\u00e9vision, douche, balcon, radio, t\u00e9l\u00e9phone, climatisation, bar, restaurant, hall, ascenseur, salle TV, salle de jeux, aire de jeux, un parking priv\u00e9 couvert et un garage priv\u00e9, piscine, tennis, p\u00e9tanque, football, randonn\u00e9es et balades \u00e0 v\u00e9lo, une petite salle de sport.<\/p>\n<p><strong>Une cuisine raffin\u00e9e avec une attention particuli\u00e8re pour les plats traditionnels de la r\u00e9gion Abruzzo. Tous les jours un menu \u00e0 choix pour le d\u00e9jeuner, le d\u00eener et le petit d\u00e9jeuner.<\/strong>[\/vc_column_text][\/vc_column][vc_column width=&#8221;1\/2&#8243;][vc_images_carousel images=&#8221;5673,5670,5676,5678&#8243; img_size=&#8221;full&#8221; onclick=&#8221;link_no&#8221; hide_pagination_control=&#8221;yes&#8221; wrap=&#8221;yes&#8221;][\/vc_column][\/vc_row][vc_row full_width=&#8221;stretch_row_content&#8221;][vc_column][vc_empty_space height=&#8221;50px&#8221;][vc_media_grid style=&#8221;load-more&#8221; items_per_page=&#8221;6&#8243; element_width=&#8221;2&#8243; btn_title=&#8221;SCOPRI ALTRE FOTO&#8221; btn_style=&#8221;modern&#8221; btn_shape=&#8221;square&#8221; btn_color=&#8221;orange&#8221; btn_size=&#8221;lg&#8221; grid_id=&#8221;vc_gid:1556552861034-a828f93d-eb25-10&#8243; include=&#8221;5692,5694,5696,5698,5700,5702&#8243;][vc_empty_space height=&#8221;50px&#8221;][\/vc_column][\/vc_row][vc_row][vc_column width=&#8221;1\/2&#8243;][vc_column_text]<\/p>\n<h2>SOIR\u00c9E AU BORD DE LA PISCINE<\/h2>\n<p><strong>Le soir, il y a toujours une atmosph\u00e8re romantique et magique au bord de la piscine<\/strong> : alors que les \u00e9toiles brillent et se refl\u00e9tent dans l\u2019eau, vous \u00e9couterez de la musique et vous allez vous amuser avec la sympathie de nos animateurs qui vous gagnera !<\/p>\n<p><strong>Vous serez \u00e9galement s\u00e9duits par l\u2019odeur et le go\u00fbt de l\u2019authenticit\u00e9 des produits et des boissons.<\/strong>[\/vc_column_text][vc_column_text css=&#8221;.vc_custom_1556552715246{margin-top: 40px !important;}&#8221;]<\/p>\n<p style=\"text-align: center;\"><a id=\"scopripiscina\" style=\"text-decoration: none; background-color: #e1b446; margin-top: 40px; color: #ffffff; padding: 20px 80px;\" href=\"http:\/\/www.pinetoresort.it\/la-piscina\/\">D\u00c9COUVREZ LA PISCINE<\/a><\/p>\n<p>[\/vc_column_text][\/vc_column][vc_column width=&#8221;1\/2&#8243;][vc_empty_space][vc_images_carousel images=&#8221;5676,5670,5700,5779&#8243; img_size=&#8221;full&#8221; onclick=&#8221;link_no&#8221; hide_pagination_control=&#8221;yes&#8221; wrap=&#8221;yes&#8221;][\/vc_column][\/vc_row][vc_row][vc_column][vc_empty_space][\/vc_column][\/vc_row][vc_row full_width=&#8221;stretch_row_content&#8221;][vc_column width=&#8221;1\/3&#8243; css=&#8221;.vc_custom_1548686812686{padding-top: 100px !important;padding-bottom: 100px !important;background-image: url(http:\/\/www.pinetoresort.it\/wp-content\/uploads\/2019\/01\/TENNIS-1-750&#215;350.jpg?id=6782) !important;background-position: 0 0 !important;background-repeat: no-repeat !important;}&#8221;][vc_custom_heading text=&#8221;COURT DE TENNIS&#8221; font_container=&#8221;tag:h3|font_size:30|text_align:center|color:%23ffffff&#8221; google_fonts=&#8221;font_family:Open%20Sans%3A300%2C300italic%2Cregular%2Citalic%2C600%2C600italic%2C700%2C700italic%2C800%2C800italic|font_style:600%20bold%20regular%3A600%3Anormal&#8221;][\/vc_column][vc_column width=&#8221;1\/3&#8243; css=&#8221;.vc_custom_1548687193083{padding-top: 100px !important;padding-bottom: 100px !important;background-image: url(http:\/\/www.pinetoresort.it\/wp-content\/uploads\/2019\/01\/campo-da-calcetto.jpg?id=6923) !important;}&#8221;][vc_custom_heading text=&#8221;CHAMP DE SOCCER&#8221; font_container=&#8221;tag:h3|font_size:30|text_align:center|color:%23ffffff&#8221; google_fonts=&#8221;font_family:Open%20Sans%3A300%2C300italic%2Cregular%2Citalic%2C600%2C600italic%2C700%2C700italic%2C800%2C800italic|font_style:600%20bold%20regular%3A600%3Anormal&#8221;][\/vc_column][vc_column width=&#8221;1\/3&#8243; css=&#8221;.vc_custom_1548687357980{padding-top: 100px !important;padding-bottom: 100px !important;background-image: url(http:\/\/www.pinetoresort.it\/wp-content\/uploads\/2019\/01\/bar-relax-2.jpg?id=6965) !important;}&#8221;][vc_custom_heading text=&#8221;BAR &amp; RELAX&#8221; font_container=&#8221;tag:h3|font_size:30|text_align:center|color:%23ffffff&#8221; google_fonts=&#8221;font_family:Open%20Sans%3A300%2C300italic%2Cregular%2Citalic%2C600%2C600italic%2C700%2C700italic%2C800%2C800italic|font_style:600%20bold%20regular%3A600%3Anormal&#8221;][\/vc_column][\/vc_row][vc_row][vc_column][vc_empty_space][\/vc_column][\/vc_row][vc_row][vc_column width=&#8221;1\/2&#8243;][vc_column_text]<\/p>\n<h2>ACTIVIT\u00c9S ET BABY-CLUB POUR VOS ENFANTS<\/h2>\n<p>Un\u00a0<strong>mini-club<\/strong>\u00a0pour les\u00a0<strong>enfants<\/strong>\u00a0avec notre personnel qualifi\u00e9 qui prendra soin de vos enfants de\u00a0<strong>fa\u00e7on professionnelle<\/strong>.<\/p>\n<p>Notre staff d\u2019animation va jouer et cr\u00e9er des activit\u00e9s amusantes pour les petits qui vont eux-m\u00eame profiter d\u2019ateliers et d\u2019activit\u00e9s de cr\u00e9ation, jeux d\u2019eau et activit\u00e9s musicales. Notre personnel leur donnera de bons souvenir: notre objectif est leur divertissement et le d\u00e9veloppement de leur cr\u00e9ativit\u00e9 entre le vert de la nature el le bleu de la mer.<\/p>\n<p><strong>Pas seulement des jeux d\u2019eau, mais aussi des cours de remise en forme pour garder la forme pendant votre vacances et des le\u00e7ons de natation avec un personnel sp\u00e9cialis\u00e9.<\/strong>[\/vc_column_text][\/vc_column][vc_column width=&#8221;1\/2&#8243;][vc_empty_space height=&#8221;40px&#8221;][vc_single_image image=&#8221;7107&#8243; img_size=&#8221;full&#8221;][\/vc_column][\/vc_row][vc_row][vc_column width=&#8221;1\/2&#8243;][vc_empty_space height=&#8221;40px&#8221;][vc_single_image image=&#8221;7121&#8243; img_size=&#8221;full&#8221;][\/vc_column][vc_column width=&#8221;1\/2&#8243;][vc_column_text]<\/p>\n<h2>FUN POUR ADULTES<\/h2>\n<p>Gr\u00e2ce \u00e0 la for\u00eat de pins et le microclimat de Cerrano, faire un peu d\u2019excercice et des cours d\u2019acquagym produira des effets positifs sur le syst\u00e8me respiratoire et favorisera l\u2019endurance musculaire. Des sauveteurs comp\u00e9tents surveillent constamment la piscine.<\/p>\n<p>En outre, vos enfants passeront de bons moments tout en d\u00e9couvrant le parc marin avec ses animaux et plantes : ils auront aussi l\u2019occasion de d\u00e9couvrir la magnifique histoire de Atri, l\u2019ancienne et pittoresque village \u00e0 5 km de Pineto.[\/vc_column_text][\/vc_column][\/vc_row][vc_row][vc_column][vc_empty_space height=&#8221;50px&#8221;][\/vc_column][\/vc_row][vc_row full_width=&#8221;stretch_row_content&#8221; css=&#8221;.vc_custom_1551454509801{margin-bottom: 40px !important;background-image: url(http:\/\/www.pinetoresort.it\/wp-content\/uploads\/2019\/01\/COX-1002-1.jpg?id=5783) !important;background-position: center !important;background-repeat: no-repeat !important;background-size: cover !important;}&#8221;][vc_column css=&#8221;.vc_custom_1551454468311{padding-top: 200px !important;padding-bottom: 350px !important;background-position: 0 0 !important;background-repeat: no-repeat !important;}&#8221;][vc_column_text]<\/p>\n<p style=\"font-size: 25px; color: #ffffff; text-align: center; font-family: Open Sans; font-weight: bold;\">Vos vacances \u00e0 la plage dans les Abruzzeso<\/p>\n<p style=\"font-size: 55px; color: #ffffff; text-align: center; line-height: 60px; font-family: Open Sans; font-weight: bold;\">Pour toute votre famille<\/p>\n<p>[\/vc_column_text][vc_column_text css=&#8221;.vc_custom_1556552908869{margin-top: 80px !important;}&#8221;]<\/p>\n<p style=\"text-align: center;\"><a style=\"text-decoration: none; background-color: #e1b446; margin-top: 40px; color: #ffffff; padding: 20px 40px;\" href=\"#prenota\">R\u00c9SERVER MAINTENANT<\/a><\/p>\n<p>[\/vc_column_text][\/vc_column][\/vc_row][vc_row][vc_column][vc_empty_space height=&#8221;50px&#8221;][vc_column_text]<p>[vc_row][vc_column][vc_separator][\/vc_column][\/vc_row][vc_row][vc_column width=&#8221;1\/2&#8243; el_class=&#8221;aform&#8221;][vc_column_text]<a id=\"prenota\"><\/a>[\/vc_column_text][vc_custom_heading text=&#8221;Demander un Devis&#8221; font_container=&#8221;tag:h2|font_size:40|text_align:center&#8221; google_fonts=&#8221;font_family:Open%20Sans%20Condensed%3A300%2C300italic%2C700|font_style:700%20bold%20regular%3A700%3Anormal&#8221; css_animation=&#8221;none&#8221;][vc_empty_space height=&#8221;20px&#8221;][vc_single_image image=&#8221;5338&#8243; img_size=&#8221;full&#8221; alignment=&#8221;center&#8221;][vc_column_text]<\/p>\n<div id=\"htmform\"><\/div>\n<p>[\/vc_column_text][\/vc_column][vc_column width=&#8221;1\/2&#8243; el_class=&#8221;acontact&#8221;][vc_custom_heading text=&#8221;Contacts&#8221; font_container=&#8221;tag:h3|font_size:40|text_align:center&#8221; google_fonts=&#8221;font_family:Open%20Sans%20Condensed%3A300%2C300italic%2C700|font_style:700%20bold%20regular%3A700%3Anormal&#8221; css_animation=&#8221;none&#8221;][vc_empty_space height=&#8221;20px&#8221;][vc_single_image image=&#8221;5338&#8243; img_size=&#8221;full&#8221; alignment=&#8221;center&#8221;][vc_column_text]<\/p>\n<p style=\"text-align: center;\">Situ\u00e9 dans le quartier calme de Pineto, r\u00e9cemment construit,<br \/>\nil se trouve \u00e0 350 m\u00e8tres de la mer et d&#8217;une plage priv\u00e9e.<\/p>\n<p>[\/vc_column_text][vc_icon icon_fontawesome=&#8221;fa fa-map-marker&#8221; color=&#8221;orange&#8221; align=&#8221;center&#8221;][vc_column_text]<\/p>\n<p style=\"text-align: center;\">Via Jugoslavia, 15 &#8211; 64025 Pineto<br \/>\nTeramo &#8211; Italy<\/p>\n<p>[\/vc_column_text][vc_icon icon_fontawesome=&#8221;fa fa-map-marker&#8221; color=&#8221;orange&#8221; align=&#8221;center&#8221;][vc_column_text]<\/p>\n<p style=\"text-align: center;\">Tel. <a href=\"tel:+390859491291\">+39 085 94 91 291<\/a><br \/>\nEmail. <a href=\"mailto:info@pinetoresort.com\">info@pinetoresort.com<\/a><\/p>\n<p>[\/vc_column_text][\/vc_column][\/vc_row]<\/p>\n[\/vc_column_text][\/vc_column][\/vc_row]<\/p>\n","protected":false},"excerpt":{"rendered":"<p>[vc_row][vc_column][vc_empty_space height=&#8221;40px&#8221;][\/vc_column][\/vc_row][vc_row][vc_column width=&#8221;1\/2&#8243;][vc_column_text]<br \/>\nPOURQUOI AIMEREZ-VOUS NOTRE STRUCTURE ?<br \/>\nL\u2019H\u00f4tel Pineto Resort offre beaucoup de services\u2026 vous ne voudrez plus jamais partir !<br \/>\nSitu\u00e9 dans le quartier le plus tranquille de Pineto, il est de construction r\u00e9cente et il est situ\u00e9 \u00e0 350 m\u00e8tres de la mer avec une plage priv\u00e9e.<br \/>\nL\u2019h\u00f4tel propose de nombreuses chambres, <\/p>\n","protected":false},"author":1,"featured_media":0,"parent":0,"menu_order":0,"comment_status":"closed","ping_status":"closed","template":"","meta":[],"_links":{"self":[{"href":"https:\/\/www.pinetoresort.it\/fr\/wp-json\/wp\/v2\/pages\/11656\/"}],"collection":[{"href":"https:\/\/www.pinetoresort.it\/fr\/wp-json\/wp\/v2\/pages\/"}],"about":[{"href":"https:\/\/www.pinetoresort.it\/fr\/wp-json\/wp\/v2\/types\/page\/"}],"author":[{"embeddable":true,"href":"https:\/\/www.pinetoresort.it\/fr\/wp-json\/wp\/v2\/users\/1\/"}],"replies":[{"embeddable":true,"href":"https:\/\/www.pinetoresort.it\/fr\/wp-json\/wp\/v2\/comments\/?post=11656"}],"version-history":[{"count":4,"href":"https:\/\/www.pinetoresort.it\/fr\/wp-json\/wp\/v2\/pages\/11656\/revisions\/"}],"predecessor-version":[{"id":12017,"href":"https:\/\/www.pinetoresort.it\/fr\/wp-json\/wp\/v2\/pages\/11656\/revisions\/12017\/"}],"wp:attachment":[{"href":"https:\/\/www.pinetoresort.it\/fr\/wp-json\/wp\/v2\/media\/?parent=11656"}],"curies":[{"name":"wp","href":"https:\/\/api.w.org\/{rel}","templated":true}]}}