{"id":11777,"date":"2019-01-29T17:06:52","date_gmt":"2019-01-29T16:06:52","guid":{"rendered":"http:\/\/www.pinetoresort.it\/camera\/"},"modified":"2019-04-30T10:57:42","modified_gmt":"2019-04-30T08:57:42","slug":"camera","status":"publish","type":"page","link":"https:\/\/www.pinetoresort.it\/fr\/camera\/","title":{"rendered":"Chambres"},"content":{"rendered":"<p>[vc_row][vc_column][vc_empty_space height=&#8221;40px&#8221;][\/vc_column][\/vc_row][vc_row][vc_column][vc_images_carousel images=&#8221;8692,8696,8698,8690&#8243; img_size=&#8221;full&#8221; onclick=&#8221;link_no&#8221; autoplay=&#8221;yes&#8221; hide_pagination_control=&#8221;yes&#8221; wrap=&#8221;yes&#8221;][vc_empty_space height=&#8221;10px&#8221;][\/vc_column][\/vc_row][vc_row css=&#8221;.vc_custom_1548838505077{background-color: #e1b446 !important;}&#8221;][vc_column width=&#8221;1\/2&#8243; css=&#8221;.vc_custom_1548838512184{background-color: #ffffff !important;}&#8221;][vc_custom_heading text=&#8221;Spacieuses et confortables : d\u00e9couvrez nos chambres !&#8221; font_container=&#8221;tag:h2|font_size:30|text_align:left|color:%235a5a5a&#8221; google_fonts=&#8221;font_family:Open%20Sans%3A300%2C300italic%2Cregular%2Citalic%2C600%2C600italic%2C700%2C700italic%2C800%2C800italic|font_style:600%20bold%20regular%3A600%3Anormal&#8221;][vc_column_text]<strong>L\u2019\u00e9l\u00e9gant H\u00f4tel Pineto Village Resort<\/strong>, un h\u00f4tel 3 \u00e9toiles \u00e0 Pineto,vous impressionnera avec des chambres \u00e9quip\u00e9es d\u2019installations modernes.<\/p>\n<p>Vous pouvez choisir parmi diff\u00e9rents types et tailles de chambres : chambres doubles standard et de grandes chambres pour les familles nombreuses. Sur demande, lit b\u00e9b\u00e9 et lit suppl\u00e9mentaire.<\/p>\n<p>Toutes les chambres sont fournies avec les \u00e9quipements suivants : t\u00e9l\u00e9viseur \u00e0 \u00e9cran plat, salle de bains priv\u00e9e, douche et lingerie, balcon priv\u00e9 donnant sur le jardin, t\u00e9l\u00e9phone avec ligne directe et climatisation.<\/p>\n<p>Les services comprennent le nettoyage des chambres et de l\u2019h\u00f4tel : la satisfaction de clients est notre pr\u00e8mier objectif!<\/p>\n<p>Venez nous voir, choisissez votre type de s\u00e9jour et testez avec votre famille le confort et la qualit\u00e9 de notre\u00a0<strong>h\u00f4tel trois \u00e9toiles<\/strong>.[\/vc_column_text][\/vc_column][vc_column width=&#8221;1\/2&#8243;][vc_row_inner][vc_column_inner][vc_custom_heading text=&#8221;Services inclus&#8221; font_container=&#8221;tag:h3|font_size:35|text_align:center|color:%23ffffff&#8221; google_fonts=&#8221;font_family:Open%20Sans%20Condensed%3A300%2C300italic%2C700|font_style:700%20bold%20regular%3A700%3Anormal&#8221;][vc_empty_space][\/vc_column_inner][\/vc_row_inner][vc_row_inner][vc_column_inner width=&#8221;1\/2&#8243;][vc_icon icon_fontawesome=&#8221;fa fa-wifi&#8221; color=&#8221;white&#8221; align=&#8221;center&#8221; css=&#8221;.vc_custom_1548779203179{margin-bottom: 0px !important;padding-bottom: 0px !important;}&#8221;][vc_column_text]<\/p>\n<p style=\"text-align: center;\"><strong><span style=\"color: #ffffff;\">WI-FI<\/span><\/strong><\/p>\n<p>[\/vc_column_text][vc_icon icon_fontawesome=&#8221;fa fa-television&#8221; color=&#8221;white&#8221; align=&#8221;center&#8221; css=&#8221;.vc_custom_1548779605667{margin-bottom: 0px !important;padding-bottom: 0px !important;}&#8221;][vc_column_text]<\/p>\n<p style=\"text-align: center;\"><strong><span style=\"color: #ffffff;\">TV<\/span><\/strong><\/p>\n<p>[\/vc_column_text][vc_icon icon_fontawesome=&#8221;fa fa-coffee&#8221; color=&#8221;white&#8221; align=&#8221;center&#8221; css=&#8221;.vc_custom_1548779775132{margin-bottom: 0px !important;padding-bottom: 0px !important;}&#8221;][vc_column_text]<\/p>\n<p style=\"text-align: center;\"><strong><span style=\"color: #ffffff;\">SERVICE DE CHAMBRE<\/span><\/strong><\/p>\n<p>[\/vc_column_text][vc_icon icon_fontawesome=&#8221;fa fa-phone&#8221; color=&#8221;white&#8221; align=&#8221;center&#8221; css=&#8221;.vc_custom_1548780179246{margin-bottom: 0px !important;padding-bottom: 0px !important;}&#8221;][vc_column_text]<\/p>\n<p style=\"text-align: center;\"><strong><span style=\"color: #ffffff;\">T\u00c9L\u00c9PHONE<\/span><\/strong><\/p>\n<p>[\/vc_column_text][\/vc_column_inner][vc_column_inner width=&#8221;1\/2&#8243;][vc_icon color=&#8221;white&#8221; align=&#8221;center&#8221; css=&#8221;.vc_custom_1548779695038{margin-bottom: 0px !important;padding-bottom: 0px !important;}&#8221;][vc_column_text]<\/p>\n<p style=\"text-align: center;\"><strong><span style=\"color: #ffffff;\">CLIMATISATION<\/span><\/strong><\/p>\n<p>[\/vc_column_text][vc_icon icon_fontawesome=&#8221;fa fa-car&#8221; color=&#8221;white&#8221; align=&#8221;center&#8221; css=&#8221;.vc_custom_1548779724063{margin-bottom: 0px !important;padding-bottom: 0px !important;}&#8221;][vc_column_text]<\/p>\n<p style=\"text-align: center;\"><strong><span style=\"color: #ffffff;\">PARKING<\/span><\/strong><\/p>\n<p>[\/vc_column_text][vc_icon icon_fontawesome=&#8221;fa fa-sun-o&#8221; color=&#8221;white&#8221; align=&#8221;center&#8221; css=&#8221;.vc_custom_1548779824054{margin-bottom: 0px !important;padding-bottom: 0px !important;}&#8221;][vc_column_text]<\/p>\n<p style=\"text-align: center;\"><strong><span style=\"color: #ffffff;\">BALCON<\/span><\/strong><\/p>\n<p>[\/vc_column_text][vc_icon icon_fontawesome=&#8221;fa fa-shower&#8221; color=&#8221;white&#8221; align=&#8221;center&#8221; css=&#8221;.vc_custom_1548780207760{margin-bottom: 0px !important;padding-bottom: 0px !important;}&#8221;][vc_column_text]<\/p>\n<p style=\"text-align: center;\"><strong><span style=\"color: #ffffff;\">SALLE DE BAINS DANS LA CHAMBRE<\/span><\/strong><\/p>\n<p>[\/vc_column_text][\/vc_column_inner][\/vc_row_inner][\/vc_column][\/vc_row][vc_row][vc_column][vc_empty_space][vc_media_grid style=&#8221;load-more&#8221; items_per_page=&#8221;6&#8243; element_width=&#8221;2&#8243; btn_title=&#8221;Scopri di pi\u00f9&#8221; btn_style=&#8221;modern&#8221; btn_shape=&#8221;square&#8221; btn_color=&#8221;orange&#8221; btn_size=&#8221;lg&#8221; grid_id=&#8221;vc_gid:1556553687917-ecfff318-6a82-8&#8243; include=&#8221;4585,8696,8690,8692,8694,4492,5670,4315,5676,4988&#8243;][\/vc_column][\/vc_row][vc_row][vc_column][vc_column_text]<p>[vc_row][vc_column][vc_separator][\/vc_column][\/vc_row][vc_row][vc_column width=&#8221;1\/2&#8243; el_class=&#8221;aform&#8221;][vc_column_text]<a id=\"prenota\"><\/a>[\/vc_column_text][vc_custom_heading text=&#8221;Demander un Devis&#8221; font_container=&#8221;tag:h2|font_size:40|text_align:center&#8221; google_fonts=&#8221;font_family:Open%20Sans%20Condensed%3A300%2C300italic%2C700|font_style:700%20bold%20regular%3A700%3Anormal&#8221; css_animation=&#8221;none&#8221;][vc_empty_space height=&#8221;20px&#8221;][vc_single_image image=&#8221;5338&#8243; img_size=&#8221;full&#8221; alignment=&#8221;center&#8221;][vc_column_text]<\/p>\n<div id=\"htmform\"><\/div>\n<p>[\/vc_column_text][\/vc_column][vc_column width=&#8221;1\/2&#8243; el_class=&#8221;acontact&#8221;][vc_custom_heading text=&#8221;Contacts&#8221; font_container=&#8221;tag:h3|font_size:40|text_align:center&#8221; google_fonts=&#8221;font_family:Open%20Sans%20Condensed%3A300%2C300italic%2C700|font_style:700%20bold%20regular%3A700%3Anormal&#8221; css_animation=&#8221;none&#8221;][vc_empty_space height=&#8221;20px&#8221;][vc_single_image image=&#8221;5338&#8243; img_size=&#8221;full&#8221; alignment=&#8221;center&#8221;][vc_column_text]<\/p>\n<p style=\"text-align: center;\">Situ\u00e9 dans le quartier calme de Pineto, r\u00e9cemment construit,<br \/>\nil se trouve \u00e0 350 m\u00e8tres de la mer et d&#8217;une plage priv\u00e9e.<\/p>\n<p>[\/vc_column_text][vc_icon icon_fontawesome=&#8221;fa fa-map-marker&#8221; color=&#8221;orange&#8221; align=&#8221;center&#8221;][vc_column_text]<\/p>\n<p style=\"text-align: center;\">Via Jugoslavia, 15 &#8211; 64025 Pineto<br \/>\nTeramo &#8211; Italy<\/p>\n<p>[\/vc_column_text][vc_icon icon_fontawesome=&#8221;fa fa-map-marker&#8221; color=&#8221;orange&#8221; align=&#8221;center&#8221;][vc_column_text]<\/p>\n<p style=\"text-align: center;\">Tel. <a href=\"tel:+390859491291\">+39 085 94 91 291<\/a><br \/>\nEmail. <a href=\"mailto:info@pinetoresort.com\">info@pinetoresort.com<\/a><\/p>\n<p>[\/vc_column_text][\/vc_column][\/vc_row]<\/p>\n[\/vc_column_text][\/vc_column][\/vc_row]<\/p>\n","protected":false},"excerpt":{"rendered":"<p>[vc_row][vc_column][vc_empty_space height=&#8221;40px&#8221;][\/vc_column][\/vc_row][vc_row][vc_column][vc_images_carousel images=&#8221;8692,8696,8698,8690&#8243; img_size=&#8221;full&#8221; onclick=&#8221;link_no&#8221; autoplay=&#8221;yes&#8221; hide_pagination_control=&#8221;yes&#8221; wrap=&#8221;yes&#8221;][vc_empty_space height=&#8221;10px&#8221;][\/vc_column][\/vc_row][vc_row css=&#8221;.vc_custom_1548838505077{background-color: #e1b446 !important;}&#8221;][vc_column width=&#8221;1\/2&#8243; css=&#8221;.vc_custom_1548838512184{background-color: #ffffff !important;}&#8221;][vc_custom_heading text=&#8221;Spacieuses et confortables : d\u00e9couvrez nos chambres !&#8221; font_container=&#8221;tag:h2|font_size:30|text_align:left|color:%235a5a5a&#8221; google_fonts=&#8221;font_family:Open%20Sans%3A300%2C300italic%2Cregular%2Citalic%2C600%2C600italic%2C700%2C700italic%2C800%2C800italic|font_style:600%20bold%20regular%3A600%3Anormal&#8221;][vc_column_text]L\u2019\u00e9l\u00e9gant H\u00f4tel Pineto Village Resort, un h\u00f4tel 3 \u00e9toiles \u00e0 Pineto,vous impressionnera avec des chambres \u00e9quip\u00e9es d\u2019installations modernes.<br \/>\nVous pouvez choisir parmi diff\u00e9rents types et tailles de chambres : chambres <\/p>\n","protected":false},"author":1,"featured_media":0,"parent":0,"menu_order":0,"comment_status":"closed","ping_status":"closed","template":"","meta":[],"_links":{"self":[{"href":"https:\/\/www.pinetoresort.it\/fr\/wp-json\/wp\/v2\/pages\/11777\/"}],"collection":[{"href":"https:\/\/www.pinetoresort.it\/fr\/wp-json\/wp\/v2\/pages\/"}],"about":[{"href":"https:\/\/www.pinetoresort.it\/fr\/wp-json\/wp\/v2\/types\/page\/"}],"author":[{"embeddable":true,"href":"https:\/\/www.pinetoresort.it\/fr\/wp-json\/wp\/v2\/users\/1\/"}],"replies":[{"embeddable":true,"href":"https:\/\/www.pinetoresort.it\/fr\/wp-json\/wp\/v2\/comments\/?post=11777"}],"version-history":[{"count":3,"href":"https:\/\/www.pinetoresort.it\/fr\/wp-json\/wp\/v2\/pages\/11777\/revisions\/"}],"predecessor-version":[{"id":11919,"href":"https:\/\/www.pinetoresort.it\/fr\/wp-json\/wp\/v2\/pages\/11777\/revisions\/11919\/"}],"wp:attachment":[{"href":"https:\/\/www.pinetoresort.it\/fr\/wp-json\/wp\/v2\/media\/?parent=11777"}],"curies":[{"name":"wp","href":"https:\/\/api.w.org\/{rel}","templated":true}]}}