{"id":11802,"date":"2019-01-24T16:01:20","date_gmt":"2019-01-24T15:01:20","guid":{"rendered":"http:\/\/www.pinetoresort.it\/ristorante\/"},"modified":"2019-04-30T12:26:57","modified_gmt":"2019-04-30T10:26:57","slug":"ristorante","status":"publish","type":"page","link":"https:\/\/www.pinetoresort.it\/fr\/ristorante\/","title":{"rendered":"Restaurant"},"content":{"rendered":"<p>[vc_row][vc_column][vc_empty_space height=&#8221;40px&#8221;][\/vc_column][\/vc_row][vc_row][vc_column width=&#8221;1\/2&#8243;][vc_column_text]<\/p>\n<h2><strong>PRODUITS TRADITIONNELS!<\/strong><\/h2>\n<p><strong>Les traditions gastronomiques<\/strong> sont fortement ancr\u00e9es dans notre r\u00e9gion et vous seriez heureux de go\u00fbter nos plats traditionnels et d\u2019autres repas revisit\u00e9s.<\/p>\n<p>Nos produits sp\u00e9ciaux ont une longue tradition et ils sont toujours tr\u00e8s aim\u00e9s par nos clients! Salami, saucisses dans l\u2019huile ou au saindoux, ventricina (une charcuterie typique de la culture paysanne des Abruzzes) \u00e0 \u00e9tendre sur le pain frais, fait main, jambon cuit ou blanc. Vous pourrez \u00e9galement d\u00e9guster les typiques arrosticini, une autre sp\u00e9cialit\u00e9 de la cuisine traditionnelle des Abruzzes, obtenus \u00e0 partir de viande de mouton castr\u00e9, ils sont une sorte de brochettes de viande.<br \/>\nVous pourrez aussi essayer des autres sp\u00e9cialit\u00e9s r\u00e9gionales, connues comme timballo, chitarra, scrippelle \u2018mbusse, mazzarelle alla canzanese, la Turquie, la ndocca ndocca \u00ab\u00ab.<br \/>\nEn outre, vous d\u00e9gusterez les meilleurs produits de la mer que vous n\u2019avez jamais go\u00fbtez avant, en particulier les moules fra\u00eeches de la Tour de Cerrano.<\/p>\n<p><strong>E pour finir, une riche vari\u00e9t\u00e9 de gateaux et doux : sfogliatelle, panducale calcionetti, et des vins produits dans les collines locales. Ce ne sont que quelques-uns des desserts les plus connu dans le monde entier.<\/strong>[\/vc_column_text][\/vc_column][vc_column width=&#8221;1\/2&#8243;][vc_images_carousel images=&#8221;4986,4988,4991,4993&#8243; img_size=&#8221;500&#215;400&#8243; onclick=&#8221;link_no&#8221; hide_pagination_control=&#8221;yes&#8221; wrap=&#8221;yes&#8221;][\/vc_column][\/vc_row][vc_row full_width=&#8221;stretch_row_content&#8221;][vc_column][vc_empty_space][vc_media_grid element_width=&#8221;2&#8243; grid_id=&#8221;vc_gid:1556610831554-700905ff-03c2-5&#8243; include=&#8221;5047,5008,5005,4988,4991,5049&#8243;][\/vc_column][\/vc_row][vc_row css=&#8221;.vc_custom_1551097086094{margin-bottom: 50px !important;}&#8221;][vc_column css=&#8221;.vc_custom_1551096379989{background-position: 0 0 !important;background-repeat: no-repeat !important;}&#8221;][vc_empty_space height=&#8221;12px&#8221;][vc_column_text]<\/p>\n<blockquote>\n<p style=\"text-align: center; color: #e1b446; font-size: 28px;\"><em>Notre cuisine est une cuisine d&#8217;auteur o\u00f9 nos m\u00e9nag\u00e8res expriment toute la richesse \u0153nogastronomique de notre territoire, en associant tradition et exp\u00e9rimentation.<\/em><\/p>\n<\/blockquote>\n<p>[\/vc_column_text][\/vc_column][\/vc_row][vc_row full_width=&#8221;stretch_row_content&#8221; css=&#8221;.vc_custom_1551454816151{margin-bottom: 40px !important;background-image: url(http:\/\/www.pinetoresort.it\/wp-content\/uploads\/2019\/01\/COX-0912.jpg?id=5705) !important;background-position: center !important;background-repeat: no-repeat !important;background-size: cover !important;}&#8221;][vc_column css=&#8221;.vc_custom_1551454844138{padding-top: 200px !important;padding-bottom: 250px !important;background-position: 0 0 !important;background-repeat: no-repeat !important;}&#8221;][vc_column_text]<\/p>\n<p style=\"font-size: 25px; color: #ffffff; text-align: center; font-family: Open Sans; font-weight: bold;\">Vos vacances \u00e0 la plage dans les Abruzzes<\/p>\n<p style=\"font-size: 55px; color: #ffffff; text-align: center; line-height: 60px; font-family: Open Sans; font-weight: bold;\">Pour toute votre famille<\/p>\n<p>[\/vc_column_text][vc_column_text css=&#8221;.vc_custom_1556610922377{margin-top: 80px !important;}&#8221;]<\/p>\n<p style=\"text-align: center;\"><a style=\"text-decoration: none; background-color: #e1b446; margin-top: 40px; color: #ffffff; padding: 20px 40px;\" href=\"#prenota\">R\u00c9SERVER MAINTENANT<\/a><\/p>\n<p>[\/vc_column_text][\/vc_column][\/vc_row][vc_row][vc_column][vc_column_text]<p>[vc_row][vc_column][vc_separator][\/vc_column][\/vc_row][vc_row][vc_column width=&#8221;1\/2&#8243; el_class=&#8221;aform&#8221;][vc_column_text]<a id=\"prenota\"><\/a>[\/vc_column_text][vc_custom_heading text=&#8221;Demander un Devis&#8221; font_container=&#8221;tag:h2|font_size:40|text_align:center&#8221; google_fonts=&#8221;font_family:Open%20Sans%20Condensed%3A300%2C300italic%2C700|font_style:700%20bold%20regular%3A700%3Anormal&#8221; css_animation=&#8221;none&#8221;][vc_empty_space height=&#8221;20px&#8221;][vc_single_image image=&#8221;5338&#8243; img_size=&#8221;full&#8221; alignment=&#8221;center&#8221;][vc_column_text]<\/p>\n<div id=\"htmform\"><\/div>\n<p>[\/vc_column_text][\/vc_column][vc_column width=&#8221;1\/2&#8243; el_class=&#8221;acontact&#8221;][vc_custom_heading text=&#8221;Contacts&#8221; font_container=&#8221;tag:h3|font_size:40|text_align:center&#8221; google_fonts=&#8221;font_family:Open%20Sans%20Condensed%3A300%2C300italic%2C700|font_style:700%20bold%20regular%3A700%3Anormal&#8221; css_animation=&#8221;none&#8221;][vc_empty_space height=&#8221;20px&#8221;][vc_single_image image=&#8221;5338&#8243; img_size=&#8221;full&#8221; alignment=&#8221;center&#8221;][vc_column_text]<\/p>\n<p style=\"text-align: center;\">Situ\u00e9 dans le quartier calme de Pineto, r\u00e9cemment construit,<br \/>\nil se trouve \u00e0 350 m\u00e8tres de la mer et d&#8217;une plage priv\u00e9e.<\/p>\n<p>[\/vc_column_text][vc_icon icon_fontawesome=&#8221;fa fa-map-marker&#8221; color=&#8221;orange&#8221; align=&#8221;center&#8221;][vc_column_text]<\/p>\n<p style=\"text-align: center;\">Via Jugoslavia, 15 &#8211; 64025 Pineto<br \/>\nTeramo &#8211; Italy<\/p>\n<p>[\/vc_column_text][vc_icon icon_fontawesome=&#8221;fa fa-map-marker&#8221; color=&#8221;orange&#8221; align=&#8221;center&#8221;][vc_column_text]<\/p>\n<p style=\"text-align: center;\">Tel. <a href=\"tel:+390859491291\">+39 085 94 91 291<\/a><br \/>\nEmail. <a href=\"mailto:info@pinetoresort.com\">info@pinetoresort.com<\/a><\/p>\n<p>[\/vc_column_text][\/vc_column][\/vc_row]<\/p>\n[\/vc_column_text][\/vc_column][\/vc_row]<\/p>\n","protected":false},"excerpt":{"rendered":"<p>[vc_row][vc_column][vc_empty_space height=&#8221;40px&#8221;][\/vc_column][\/vc_row][vc_row][vc_column width=&#8221;1\/2&#8243;][vc_column_text]<br \/>\nPRODUITS TRADITIONNELS!<br \/>\nLes traditions gastronomiques sont fortement ancr\u00e9es dans notre r\u00e9gion et vous seriez heureux de go\u00fbter nos plats traditionnels et d\u2019autres repas revisit\u00e9s.<br \/>\nNos produits sp\u00e9ciaux ont une longue tradition et ils sont toujours tr\u00e8s aim\u00e9s par nos clients! Salami, saucisses dans l\u2019huile ou au saindoux, ventricina (une charcuterie typique de <\/p>\n","protected":false},"author":1,"featured_media":0,"parent":0,"menu_order":0,"comment_status":"closed","ping_status":"closed","template":"","meta":[],"_links":{"self":[{"href":"https:\/\/www.pinetoresort.it\/fr\/wp-json\/wp\/v2\/pages\/11802\/"}],"collection":[{"href":"https:\/\/www.pinetoresort.it\/fr\/wp-json\/wp\/v2\/pages\/"}],"about":[{"href":"https:\/\/www.pinetoresort.it\/fr\/wp-json\/wp\/v2\/types\/page\/"}],"author":[{"embeddable":true,"href":"https:\/\/www.pinetoresort.it\/fr\/wp-json\/wp\/v2\/users\/1\/"}],"replies":[{"embeddable":true,"href":"https:\/\/www.pinetoresort.it\/fr\/wp-json\/wp\/v2\/comments\/?post=11802"}],"version-history":[{"count":2,"href":"https:\/\/www.pinetoresort.it\/fr\/wp-json\/wp\/v2\/pages\/11802\/revisions\/"}],"predecessor-version":[{"id":11825,"href":"https:\/\/www.pinetoresort.it\/fr\/wp-json\/wp\/v2\/pages\/11802\/revisions\/11825\/"}],"wp:attachment":[{"href":"https:\/\/www.pinetoresort.it\/fr\/wp-json\/wp\/v2\/media\/?parent=11802"}],"curies":[{"name":"wp","href":"https:\/\/api.w.org\/{rel}","templated":true}]}}