{"id":11871,"date":"2019-01-28T11:41:42","date_gmt":"2019-01-28T10:41:42","guid":{"rendered":"http:\/\/www.pinetoresort.it\/la-spiaggia\/"},"modified":"2019-04-30T12:26:25","modified_gmt":"2019-04-30T10:26:25","slug":"la-spiaggia","status":"publish","type":"page","link":"https:\/\/www.pinetoresort.it\/fr\/la-spiaggia\/","title":{"rendered":"La Plage"},"content":{"rendered":"<p>[vc_row][vc_column][vc_empty_space height=&#8221;40px&#8221;][\/vc_column][\/vc_row][vc_row][vc_column width=&#8221;1\/2&#8243;][vc_column_text]<\/p>\n<h2>BELLE COTE BLANCHE<\/h2>\n<p><strong>Elle est situ\u00e9 \u00e0 environ 200 m\u00e8tres de notre h\u00f4tel, dans le parc marin<\/strong>, \u00e0 c\u00f4t\u00e9 de la c\u00e9l\u00e8bre for\u00eat de pins et des dunes sauvages typiques de cette r\u00e9gion. Vous aurez une cabane personnel et une place r\u00e9serv\u00e9e sur la plage, \u00e9quip\u00e9e de chaises longues et parasol.<\/p>\n<p><strong>La plage est \u00e0 350 m\u00e8tres de la c\u00e9l\u00e8bre Tour de Cerrano qui supervise la longue \u00e9tendue de plage.<\/strong><\/p>\n<p>En passant toute la journ\u00e9e \u00e0 la plage, vous pourrez suivre les activit\u00e9s de remise en forme et les enfants pourront profiter pour jouer dans la sable, d\u00e9couvrire le territoire e faire des activit\u00e9s de recherche dans le parc marin avec la possibilit\u00e9 de voir de pr\u00e8s, certaines esp\u00e8ces de poissons nageant dans la mer.[\/vc_column_text][\/vc_column][vc_column width=&#8221;1\/2&#8243; css=&#8221;.vc_custom_1548845877952{background-position: 0 0 !important;background-repeat: no-repeat !important;}&#8221;][vc_images_carousel images=&#8221;5893,5895,5897,5899&#8243; img_size=&#8221;full&#8221; onclick=&#8221;link_no&#8221; hide_pagination_control=&#8221;yes&#8221; wrap=&#8221;yes&#8221;][\/vc_column][\/vc_row][vc_row full_width=&#8221;stretch_row_content&#8221;][vc_column][vc_media_grid element_width=&#8221;2&#8243; grid_id=&#8221;vc_gid:1556614513031-b870cb02-399d-5&#8243; include=&#8221;5910,5912,5926,5914,5922,5919&#8243;][\/vc_column][\/vc_row][vc_row css=&#8221;.vc_custom_1551097086094{margin-bottom: 50px !important;}&#8221;][vc_column css=&#8221;.vc_custom_1551096379989{background-position: 0 0 !important;background-repeat: no-repeat !important;}&#8221;][vc_empty_space height=&#8221;12px&#8221;][vc_column_text]<\/p>\n<blockquote>\n<p style=\"text-align: center; color: #e1b446; font-size: 28px;\"><em>Vous disposerez d&#8217;une cabane personnelle et d&#8217;un emplacement r\u00e9serv\u00e9 sur la plage, \u00e9quip\u00e9s de transats et d&#8217;un parasol.<\/em><\/p>\n<\/blockquote>\n<p>[\/vc_column_text][\/vc_column][\/vc_row][vc_row full_width=&#8221;stretch_row_content&#8221; css=&#8221;.vc_custom_1551454971676{margin-bottom: 40px !important;background-image: url(http:\/\/www.pinetoresort.it\/wp-content\/uploads\/2018\/11\/web-Mare14-1.jpg?id=4314) !important;background-position: center !important;background-repeat: no-repeat !important;background-size: cover !important;}&#8221;][vc_column css=&#8221;.vc_custom_1551454468311{padding-top: 200px !important;padding-bottom: 350px !important;background-position: 0 0 !important;background-repeat: no-repeat !important;}&#8221;][vc_column_text]<\/p>\n<p style=\"font-size: 25px; color: #ffffff; text-align: center; font-family: Open Sans; font-weight: bold;\">Vos vacances \u00e0 la plage dans les Abruzzes<\/p>\n<p style=\"font-size: 55px; color: #ffffff; text-align: center; line-height: 60px; font-family: Open Sans; font-weight: bold;\">Pour toute votre famille<\/p>\n<p>[\/vc_column_text][vc_column_text css=&#8221;.vc_custom_1556614525492{margin-top: 80px !important;}&#8221;]<\/p>\n<p style=\"text-align: center;\"><a style=\"text-decoration: none; background-color: #e1b446; margin-top: 40px; color: #ffffff; padding: 20px 40px;\" href=\"#prenota\">R\u00c9SERVER MAINTENANT<\/a><\/p>\n<p>[\/vc_column_text][\/vc_column][\/vc_row][vc_row][vc_column][vc_column_text]<p>[vc_row][vc_column][vc_separator][\/vc_column][\/vc_row][vc_row][vc_column width=&#8221;1\/2&#8243; el_class=&#8221;aform&#8221;][vc_column_text]<a id=\"prenota\"><\/a>[\/vc_column_text][vc_custom_heading text=&#8221;Demander un Devis&#8221; font_container=&#8221;tag:h2|font_size:40|text_align:center&#8221; google_fonts=&#8221;font_family:Open%20Sans%20Condensed%3A300%2C300italic%2C700|font_style:700%20bold%20regular%3A700%3Anormal&#8221; css_animation=&#8221;none&#8221;][vc_empty_space height=&#8221;20px&#8221;][vc_single_image image=&#8221;5338&#8243; img_size=&#8221;full&#8221; alignment=&#8221;center&#8221;][vc_column_text]<\/p>\n<div id=\"htmform\"><\/div>\n<p>[\/vc_column_text][\/vc_column][vc_column width=&#8221;1\/2&#8243; el_class=&#8221;acontact&#8221;][vc_custom_heading text=&#8221;Contacts&#8221; font_container=&#8221;tag:h3|font_size:40|text_align:center&#8221; google_fonts=&#8221;font_family:Open%20Sans%20Condensed%3A300%2C300italic%2C700|font_style:700%20bold%20regular%3A700%3Anormal&#8221; css_animation=&#8221;none&#8221;][vc_empty_space height=&#8221;20px&#8221;][vc_single_image image=&#8221;5338&#8243; img_size=&#8221;full&#8221; alignment=&#8221;center&#8221;][vc_column_text]<\/p>\n<p style=\"text-align: center;\">Situ\u00e9 dans le quartier calme de Pineto, r\u00e9cemment construit,<br \/>\nil se trouve \u00e0 350 m\u00e8tres de la mer et d&#8217;une plage priv\u00e9e.<\/p>\n<p>[\/vc_column_text][vc_icon icon_fontawesome=&#8221;fa fa-map-marker&#8221; color=&#8221;orange&#8221; align=&#8221;center&#8221;][vc_column_text]<\/p>\n<p style=\"text-align: center;\">Via Jugoslavia, 15 &#8211; 64025 Pineto<br \/>\nTeramo &#8211; Italy<\/p>\n<p>[\/vc_column_text][vc_icon icon_fontawesome=&#8221;fa fa-map-marker&#8221; color=&#8221;orange&#8221; align=&#8221;center&#8221;][vc_column_text]<\/p>\n<p style=\"text-align: center;\">Tel. <a href=\"tel:+390859491291\">+39 085 94 91 291<\/a><br \/>\nEmail. <a href=\"mailto:info@pinetoresort.com\">info@pinetoresort.com<\/a><\/p>\n<p>[\/vc_column_text][\/vc_column][\/vc_row]<\/p>\n[\/vc_column_text][\/vc_column][\/vc_row]<\/p>\n","protected":false},"excerpt":{"rendered":"<p>[vc_row][vc_column][vc_empty_space height=&#8221;40px&#8221;][\/vc_column][\/vc_row][vc_row][vc_column width=&#8221;1\/2&#8243;][vc_column_text]<br \/>\nBELLE COTE BLANCHE<br \/>\nElle est situ\u00e9 \u00e0 environ 200 m\u00e8tres de notre h\u00f4tel, dans le parc marin, \u00e0 c\u00f4t\u00e9 de la c\u00e9l\u00e8bre for\u00eat de pins et des dunes sauvages typiques de cette r\u00e9gion. Vous aurez une cabane personnel et une place r\u00e9serv\u00e9e sur la plage, \u00e9quip\u00e9e de chaises longues et parasol.<br \/>\nLa <\/p>\n","protected":false},"author":1,"featured_media":0,"parent":0,"menu_order":0,"comment_status":"closed","ping_status":"closed","template":"","meta":[],"_links":{"self":[{"href":"https:\/\/www.pinetoresort.it\/fr\/wp-json\/wp\/v2\/pages\/11871\/"}],"collection":[{"href":"https:\/\/www.pinetoresort.it\/fr\/wp-json\/wp\/v2\/pages\/"}],"about":[{"href":"https:\/\/www.pinetoresort.it\/fr\/wp-json\/wp\/v2\/types\/page\/"}],"author":[{"embeddable":true,"href":"https:\/\/www.pinetoresort.it\/fr\/wp-json\/wp\/v2\/users\/1\/"}],"replies":[{"embeddable":true,"href":"https:\/\/www.pinetoresort.it\/fr\/wp-json\/wp\/v2\/comments\/?post=11871"}],"version-history":[{"count":3,"href":"https:\/\/www.pinetoresort.it\/fr\/wp-json\/wp\/v2\/pages\/11871\/revisions\/"}],"predecessor-version":[{"id":12015,"href":"https:\/\/www.pinetoresort.it\/fr\/wp-json\/wp\/v2\/pages\/11871\/revisions\/12015\/"}],"wp:attachment":[{"href":"https:\/\/www.pinetoresort.it\/fr\/wp-json\/wp\/v2\/media\/?parent=11871"}],"curies":[{"name":"wp","href":"https:\/\/api.w.org\/{rel}","templated":true}]}}