{"id":11923,"date":"2019-01-29T16:19:56","date_gmt":"2019-01-29T15:19:56","guid":{"rendered":"http:\/\/www.pinetoresort.it\/pineto-la-perla-delladriatico\/"},"modified":"2019-04-30T11:06:17","modified_gmt":"2019-04-30T09:06:17","slug":"pineto-la-perla-delladriatico","status":"publish","type":"page","link":"https:\/\/www.pinetoresort.it\/fr\/pineto-la-perla-delladriatico\/","title":{"rendered":"Pineto"},"content":{"rendered":"<p>[vc_row][vc_column][vc_empty_space height=&#8221;40px&#8221;][\/vc_column][\/vc_row][vc_row][vc_column width=&#8221;1\/2&#8243;][vc_column_text]<\/p>\n<h2>ENTOUR\u00c9 DE PLAGE VERTE ET DOR\u00c9E<\/h2>\n<p><strong>Un joli petit village situ\u00e9 le long de la mer Adriatique<\/strong>, Pineto est un endroit fascinant o\u00f9 passer vos vacances d\u2019\u00e9t\u00e9 ! Il sera une surprise inattendue, pas seulement pour sa mer et ses plages propes, mais aussi pour les magnifiques paysages que vous pourrez admirer derri\u00e8re votre dos : le paysage est absolument \u00e0 couper le souffle ! Au fil des ans, Pineto a toujours \u00e9t\u00e9 une destination touristique populaire surtout pr\u00e9f\u00e9r\u00e9 par les familles.<\/p>\n<p>Des longues promenades sur la plage, la piste cyclable, des r\u00e9serves naturelles, des march\u00e9s de rue locaux, les divertissements, les magasins, les manifestations musicales : eh bien, Pineto est la destination parfaite pour passer des vacances inoubliables !<\/p>\n<p><strong>Allez-vous choisir Pineto et allez-vous s\u00e9journer \u00e0 l\u2019h\u00f4tel Pineto Resort Village !<\/strong><br \/>\nPineto Resort H\u00f4tel est heureux de vous accueillir ![\/vc_column_text][\/vc_column][vc_column width=&#8221;1\/2&#8243;][vc_images_carousel images=&#8221;7687,7681,7683,7685&#8243; img_size=&#8221;500&#215;400&#8243; onclick=&#8221;link_no&#8221; hide_pagination_control=&#8221;yes&#8221; wrap=&#8221;yes&#8221;][\/vc_column][\/vc_row][vc_row css=&#8221;.vc_custom_1551103512597{margin-bottom: 30px !important;}&#8221;][vc_column][vc_empty_space height=&#8221;40px&#8221;][vc_media_grid element_width=&#8221;2&#8243; grid_id=&#8221;vc_gid:1556615109003-7601f946-1f2c-3&#8243; include=&#8221;7707,7709,7687,7685,7683,7681,7714,8931,5694,4504,4531,4988&#8243;][\/vc_column][\/vc_row][vc_row][vc_column][vc_column_text]<p>[vc_row][vc_column][vc_separator][\/vc_column][\/vc_row][vc_row][vc_column width=&#8221;1\/2&#8243; el_class=&#8221;aform&#8221;][vc_column_text]<a id=\"prenota\"><\/a>[\/vc_column_text][vc_custom_heading text=&#8221;Demander un Devis&#8221; font_container=&#8221;tag:h2|font_size:40|text_align:center&#8221; google_fonts=&#8221;font_family:Open%20Sans%20Condensed%3A300%2C300italic%2C700|font_style:700%20bold%20regular%3A700%3Anormal&#8221; css_animation=&#8221;none&#8221;][vc_empty_space height=&#8221;20px&#8221;][vc_single_image image=&#8221;5338&#8243; img_size=&#8221;full&#8221; alignment=&#8221;center&#8221;][vc_column_text]<\/p>\n<div id=\"htmform\"><\/div>\n<p>[\/vc_column_text][\/vc_column][vc_column width=&#8221;1\/2&#8243; el_class=&#8221;acontact&#8221;][vc_custom_heading text=&#8221;Contacts&#8221; font_container=&#8221;tag:h3|font_size:40|text_align:center&#8221; google_fonts=&#8221;font_family:Open%20Sans%20Condensed%3A300%2C300italic%2C700|font_style:700%20bold%20regular%3A700%3Anormal&#8221; css_animation=&#8221;none&#8221;][vc_empty_space height=&#8221;20px&#8221;][vc_single_image image=&#8221;5338&#8243; img_size=&#8221;full&#8221; alignment=&#8221;center&#8221;][vc_column_text]<\/p>\n<p style=\"text-align: center;\">Situ\u00e9 dans le quartier calme de Pineto, r\u00e9cemment construit,<br \/>\nil se trouve \u00e0 350 m\u00e8tres de la mer et d&#8217;une plage priv\u00e9e.<\/p>\n<p>[\/vc_column_text][vc_icon icon_fontawesome=&#8221;fa fa-map-marker&#8221; color=&#8221;orange&#8221; align=&#8221;center&#8221;][vc_column_text]<\/p>\n<p style=\"text-align: center;\">Via Jugoslavia, 15 &#8211; 64025 Pineto<br \/>\nTeramo &#8211; Italy<\/p>\n<p>[\/vc_column_text][vc_icon icon_fontawesome=&#8221;fa fa-map-marker&#8221; color=&#8221;orange&#8221; align=&#8221;center&#8221;][vc_column_text]<\/p>\n<p style=\"text-align: center;\">Tel. <a href=\"tel:+390859491291\">+39 085 94 91 291<\/a><br \/>\nEmail. <a href=\"mailto:info@pinetoresort.com\">info@pinetoresort.com<\/a><\/p>\n<p>[\/vc_column_text][\/vc_column][\/vc_row]<\/p>\n[\/vc_column_text][\/vc_column][\/vc_row]<\/p>\n","protected":false},"excerpt":{"rendered":"<p>[vc_row][vc_column][vc_empty_space height=&#8221;40px&#8221;][\/vc_column][\/vc_row][vc_row][vc_column width=&#8221;1\/2&#8243;][vc_column_text]<br \/>\nENTOUR\u00c9 DE PLAGE VERTE ET DOR\u00c9E<br \/>\nUn joli petit village situ\u00e9 le long de la mer Adriatique, Pineto est un endroit fascinant o\u00f9 passer vos vacances d\u2019\u00e9t\u00e9 ! Il sera une surprise inattendue, pas seulement pour sa mer et ses plages propes, mais aussi pour les magnifiques paysages que vous pourrez admirer <\/p>\n","protected":false},"author":1,"featured_media":0,"parent":0,"menu_order":0,"comment_status":"closed","ping_status":"closed","template":"","meta":[],"_links":{"self":[{"href":"https:\/\/www.pinetoresort.it\/fr\/wp-json\/wp\/v2\/pages\/11923\/"}],"collection":[{"href":"https:\/\/www.pinetoresort.it\/fr\/wp-json\/wp\/v2\/pages\/"}],"about":[{"href":"https:\/\/www.pinetoresort.it\/fr\/wp-json\/wp\/v2\/types\/page\/"}],"author":[{"embeddable":true,"href":"https:\/\/www.pinetoresort.it\/fr\/wp-json\/wp\/v2\/users\/1\/"}],"replies":[{"embeddable":true,"href":"https:\/\/www.pinetoresort.it\/fr\/wp-json\/wp\/v2\/comments\/?post=11923"}],"version-history":[{"count":2,"href":"https:\/\/www.pinetoresort.it\/fr\/wp-json\/wp\/v2\/pages\/11923\/revisions\/"}],"predecessor-version":[{"id":11948,"href":"https:\/\/www.pinetoresort.it\/fr\/wp-json\/wp\/v2\/pages\/11923\/revisions\/11948\/"}],"wp:attachment":[{"href":"https:\/\/www.pinetoresort.it\/fr\/wp-json\/wp\/v2\/media\/?parent=11923"}],"curies":[{"name":"wp","href":"https:\/\/api.w.org\/{rel}","templated":true}]}}