{"id":11958,"date":"2019-01-29T16:24:08","date_gmt":"2019-01-29T15:24:08","guid":{"rendered":"http:\/\/www.pinetoresort.it\/cultura-e-religione\/"},"modified":"2019-04-30T11:12:59","modified_gmt":"2019-04-30T09:12:59","slug":"cultura-e-religione","status":"publish","type":"page","link":"https:\/\/www.pinetoresort.it\/fr\/cultura-e-religione\/","title":{"rendered":"Culture et Religion"},"content":{"rendered":"<p>[vc_row][vc_column][vc_empty_space height=&#8221;40px&#8221;][\/vc_column][\/vc_row][vc_row][vc_column width=&#8221;1\/2&#8243;][vc_column_text]<\/p>\n<h3><strong>Atri<\/strong><\/h3>\n<p>Notre h\u00f4tel se trouve \u00e0 10 minutes en voiture de Atri, une petite ville riche en art, histoire et culture. Il dispose d\u2019un joli centre historique et des vues magnifiques.<br \/>\nPlus ancienne que Rome, il a m\u00eame battu monnaie qui on peut trouver au Mus\u00e9e de Atri et au British Museum de Londres. La mer Adriatique tire son nom de cette ville. Ses 13 \u00e9glises offrent la transition des plus importants ordres religieux : l\u2019ordre des B\u00e9n\u00e9dictins, le Franciscain, les Dominicains et les Augustins.<\/p>\n<p>Atri est la Reine des collines de l\u2019Aquil : elle repose sur une colline tripl\u00e9 par deux petites vall\u00e9es. L\u2019ancien \u00a0\u00bb Hatria picena\u00a0\u00bb conserve les traces du pass\u00e9. La construction de la\u00a0<strong>Basilique-Cath\u00e9drale<\/strong>\u00a0a commenc\u00e9 en 1260 et termin\u00e9 seulement en 1305 : Atri d\u00e9tient l\u2019unique\u00a0<strong>Porta Sancta au-d\u00e9l\u00e0 de Rome<\/strong>. Chaque ann\u00e9e, cette porte reste ouverte seulement pour une semaine \u00e0 partir du 14 ao\u00fbt. La cath\u00e9drale se dresse sur l\u2019emplacement des vieux bains romains et pr\u00e9serve l\u2019oeuvre d\u2019un peintre de la Renaissance,\u00a0<strong>Andrea De Litio<\/strong>.<br \/>\nEn outre, le\u00a0<strong>th\u00e9\u00e2tre m\u00e9di\u00e9val d\u2019Atri<\/strong>\u00a0est encore intact.<\/p>\n<p>Aujourd\u2019hui, le Palais Ducal des Acquaviva, construit au 14\u00e8me si\u00e8cle sur le site d\u2019une citerne romaine et restructur\u00e9 dans le XVI si\u00e8cle, est la si\u00e8ge de la municipalit\u00e9 de Atri.<br \/>\nIl y a \u00e9galement un grand nombre des mus\u00e9es qui aident \u00e0 pr\u00e9server l\u2019histoire de la ville :\u00a0<strong>le Mus\u00e9e Capitulaire, le Mus\u00e9e Arch\u00e9ologique et le Mus\u00e9e d\u2019instruments de musique m\u00e9di\u00e9vale et de la Renaissance<\/strong>.<br \/>\nVous y trouverez aussi un couvent de religieuses clo\u00eetr\u00e9es, construit exactement il y a 750 ans.[\/vc_column_text][\/vc_column][vc_column width=&#8221;1\/2&#8243;][vc_empty_space height=&#8221;50px&#8221;][vc_images_carousel images=&#8221;7845,7841,7847&#8243; img_size=&#8221;full&#8221; onclick=&#8221;link_no&#8221; hide_pagination_control=&#8221;yes&#8221; wrap=&#8221;yes&#8221;][\/vc_column][\/vc_row][vc_row][vc_column][vc_empty_space][vc_media_grid style=&#8221;load-more&#8221; items_per_page=&#8221;4&#8243; element_width=&#8221;3&#8243; btn_title=&#8221;Scopri di pi\u00f9&#8221; btn_color=&#8221;orange&#8221; grid_id=&#8221;vc_gid:1556615519850-28089ba9-3398-9&#8243; include=&#8221;7845,7841,7847,7838,7831,7834,7836,7843&#8243;][\/vc_column][\/vc_row][vc_row][vc_column width=&#8221;1\/2&#8243;][vc_column_text]<\/p>\n<h3><strong>San Gabriele<\/strong><\/h3>\n<p>Le sanctuaire de San Gabriele se trouve \u00e0 50 km de notre h\u00f4tel : chaque ann\u00e9e, millions de p\u00e8lerins visitent ce sanctuaire pour prier sur la tombe du jeune \u00e9tudiant, situ\u00e9 au pied du Mont Gran Sasso, dans la province de teramo. Le sanctuaire jouit d\u2019un panorama fascinant. entour\u00e9 d\u2019un paysage magnifique. Ici, vous pourrez visiter le mus\u00e9e \u00e0 c\u00f4t\u00e9 de l\u2019ancien couvent et, au centre, vous pourrez observer le puit de S. Francesco, creus\u00e9 en 1216 le long de la fronti\u00e8re de Palm\u00e8rii di Tossicia, Castiglione di Penne et Conti di Pagliara di Isola.\u00a0<strong>La porte de l\u2019\u00c9glise Franciscaine<\/strong>\u00a0a \u00e9t\u00e9 reconstruite en 1924.<\/p>\n<p>Des tous les tableaux, il faut citer l\u2019<strong>Immacolata del Bellisarii<\/strong>\u00a0(1775) et l premi\u00e8r portrait de\u00a0<strong>San Gabriele<\/strong>\u00a0par Grandi (1879). Hors du mus\u00e9e, on pourra voir la chambre del Transito, o\u00f9 San Gabriele a v\u00e9cu et est mort le 27 f\u00e9vrier 1862.[\/vc_column_text][\/vc_column][vc_column width=&#8221;1\/2&#8243;][vc_empty_space height=&#8221;30px&#8221;][vc_single_image image=&#8221;7790&#8243; img_size=&#8221;full&#8221; alignment=&#8221;center&#8221;][\/vc_column][\/vc_row][vc_row][vc_column][vc_empty_space][\/vc_column][\/vc_row][vc_row][vc_column width=&#8221;1\/2&#8243;][vc_single_image image=&#8221;7802&#8243; img_size=&#8221;full&#8221; alignment=&#8221;center&#8221;][\/vc_column][vc_column width=&#8221;1\/2&#8243;][vc_empty_space height=&#8221;90px&#8221;][vc_column_text]<\/p>\n<h3><strong>Scala Santa di Campli<\/strong><\/h3>\n<p>40 km de Pineto, Teramo est un quartier calme et un village rural dont l\u2019importance est li\u00e9e au pass\u00e9. C\u2019est un village monumental aux traditions authentiques : la visite de son escalier saint vaut le d\u00e9tour ! Adjacent \u00e0 l\u2019\u00e9glise de S. Paul, on croit que le saint escalier va absoudre nos p\u00e9ch\u00e9s pour obtenir l\u2019indulgence pl\u00e9ni\u00e8re et nous faire ressusciter comme immaculat\u00e9s.<\/p>\n<p>Le Saint Escalier est cens\u00e9 \u00eatre l\u2019escalier qu\u2019a mont\u00e9 le Christ \u00e0 la maison de Ponce Pilate \u00e0 J\u00e9rusalem : la communaut\u00e9 catholique conserve jalousement la beaut\u00e9 de ce magnifique escalier.<br \/>\nLe Saint Escalier de Campli est la copie de celui qui se trouve dans la Cath\u00e9drale de S. Giovanni in Laterano, \u00e0 Rome.[\/vc_column_text][\/vc_column][\/vc_row][vc_row][vc_column][vc_empty_space height=&#8221;20px&#8221;][\/vc_column][\/vc_row][vc_row][vc_column][vc_column_text]<p>[vc_row][vc_column][vc_separator][\/vc_column][\/vc_row][vc_row][vc_column width=&#8221;1\/2&#8243; el_class=&#8221;aform&#8221;][vc_column_text]<a id=\"prenota\"><\/a>[\/vc_column_text][vc_custom_heading text=&#8221;Demander un Devis&#8221; font_container=&#8221;tag:h2|font_size:40|text_align:center&#8221; google_fonts=&#8221;font_family:Open%20Sans%20Condensed%3A300%2C300italic%2C700|font_style:700%20bold%20regular%3A700%3Anormal&#8221; css_animation=&#8221;none&#8221;][vc_empty_space height=&#8221;20px&#8221;][vc_single_image image=&#8221;5338&#8243; img_size=&#8221;full&#8221; alignment=&#8221;center&#8221;][vc_column_text]<\/p>\n<div id=\"htmform\"><\/div>\n<p>[\/vc_column_text][\/vc_column][vc_column width=&#8221;1\/2&#8243; el_class=&#8221;acontact&#8221;][vc_custom_heading text=&#8221;Contacts&#8221; font_container=&#8221;tag:h3|font_size:40|text_align:center&#8221; google_fonts=&#8221;font_family:Open%20Sans%20Condensed%3A300%2C300italic%2C700|font_style:700%20bold%20regular%3A700%3Anormal&#8221; css_animation=&#8221;none&#8221;][vc_empty_space height=&#8221;20px&#8221;][vc_single_image image=&#8221;5338&#8243; img_size=&#8221;full&#8221; alignment=&#8221;center&#8221;][vc_column_text]<\/p>\n<p style=\"text-align: center;\">Situ\u00e9 dans le quartier calme de Pineto, r\u00e9cemment construit,<br \/>\nil se trouve \u00e0 350 m\u00e8tres de la mer et d&#8217;une plage priv\u00e9e.<\/p>\n<p>[\/vc_column_text][vc_icon icon_fontawesome=&#8221;fa fa-map-marker&#8221; color=&#8221;orange&#8221; align=&#8221;center&#8221;][vc_column_text]<\/p>\n<p style=\"text-align: center;\">Via Jugoslavia, 15 &#8211; 64025 Pineto<br \/>\nTeramo &#8211; Italy<\/p>\n<p>[\/vc_column_text][vc_icon icon_fontawesome=&#8221;fa fa-map-marker&#8221; color=&#8221;orange&#8221; align=&#8221;center&#8221;][vc_column_text]<\/p>\n<p style=\"text-align: center;\">Tel. <a href=\"tel:+390859491291\">+39 085 94 91 291<\/a><br \/>\nEmail. <a href=\"mailto:info@pinetoresort.com\">info@pinetoresort.com<\/a><\/p>\n<p>[\/vc_column_text][\/vc_column][\/vc_row]<\/p>\n[\/vc_column_text][\/vc_column][\/vc_row]<\/p>\n","protected":false},"excerpt":{"rendered":"<p>[vc_row][vc_column][vc_empty_space height=&#8221;40px&#8221;][\/vc_column][\/vc_row][vc_row][vc_column width=&#8221;1\/2&#8243;][vc_column_text]<br \/>\nAtri<br \/>\nNotre h\u00f4tel se trouve \u00e0 10 minutes en voiture de Atri, une petite ville riche en art, histoire et culture. Il dispose d\u2019un joli centre historique et des vues magnifiques.<br \/>\nPlus ancienne que Rome, il a m\u00eame battu monnaie qui on peut trouver au Mus\u00e9e de Atri et au British Museum <\/p>\n","protected":false},"author":1,"featured_media":0,"parent":0,"menu_order":0,"comment_status":"closed","ping_status":"closed","template":"","meta":[],"_links":{"self":[{"href":"https:\/\/www.pinetoresort.it\/fr\/wp-json\/wp\/v2\/pages\/11958\/"}],"collection":[{"href":"https:\/\/www.pinetoresort.it\/fr\/wp-json\/wp\/v2\/pages\/"}],"about":[{"href":"https:\/\/www.pinetoresort.it\/fr\/wp-json\/wp\/v2\/types\/page\/"}],"author":[{"embeddable":true,"href":"https:\/\/www.pinetoresort.it\/fr\/wp-json\/wp\/v2\/users\/1\/"}],"replies":[{"embeddable":true,"href":"https:\/\/www.pinetoresort.it\/fr\/wp-json\/wp\/v2\/comments\/?post=11958"}],"version-history":[{"count":1,"href":"https:\/\/www.pinetoresort.it\/fr\/wp-json\/wp\/v2\/pages\/11958\/revisions\/"}],"predecessor-version":[{"id":11968,"href":"https:\/\/www.pinetoresort.it\/fr\/wp-json\/wp\/v2\/pages\/11958\/revisions\/11968\/"}],"wp:attachment":[{"href":"https:\/\/www.pinetoresort.it\/fr\/wp-json\/wp\/v2\/media\/?parent=11958"}],"curies":[{"name":"wp","href":"https:\/\/api.w.org\/{rel}","templated":true}]}}